{"id":765,"date":"2019-06-17T14:21:27","date_gmt":"2019-06-17T14:21:27","guid":{"rendered":"http:\/\/theetuinrensink.nl.web02.esselink.nu\/menukarte\/"},"modified":"2021-07-29T14:03:03","modified_gmt":"2021-07-29T14:03:03","slug":"menukarte","status":"publish","type":"page","link":"https:\/\/theetuinrensink.nl\/de\/menukarte\/","title":{"rendered":"Men\u00fckarte"},"content":{"rendered":"\n<p>Geb\u00e4ck und Kuchen sind hausgemacht<\/p>\n\n<p>Kommen Sie mit mehr als sechs Personen f\u00fcr Geb\u00e4ck oder Mittagessen? Bitte vorher buchen<\/p>\n\n<div class=\"wp-block-file\"><a href=\"https:\/\/theetuinrensink.nl\/wp-content\/uploads\/2021\/05\/Menukaart-huisstijl-2021-vernieuwd.docx\" target=\"_blank\" rel=\"noreferrer noopener\">Menukaart 2021 <\/a><a href=\"https:\/\/theetuinrensink.nl\/wp-content\/uploads\/2021\/05\/Menukaart-huisstijl-2021-vernieuwd.docx\" class=\"wp-block-file__button\" download=\"\">Download<\/a><\/div>\n\n<div style=\"height:50px\" aria-hidden=\"true\" class=\"wp-block-spacer\"><\/div>\n\n<div id=\"handwritten-block_5cd96fe27baea\" class=\"handwritten aligncenter\">\n  <p class=\"subtitle-handgeschreven\">Selbstbedienung<\/p>\n  <p class=\"handgeschreven\">Diese Getr\u00e4nke und Geb\u00e4ck nehmen Sie bitte selbst <\/p>\n<\/div>\n<h2 class=\"wp-block-heading\">HEI\u00dfE GETR\u00c4NKE <\/h2>\n\n<table class=\"wp-block-table\"><tbody><tr><td><\/td><td>1e Tasse<\/td><td>Tasse nachf\u00fcllung <\/td><\/tr><tr><td>Kaffee<\/td><td>2,10<\/td><td>1,30<\/td><\/tr><tr><td>Cappuccino<\/td><td>2,30<\/td><td>1,50<\/td><\/tr><tr><td>Latte Macchiato<\/td><td>2,60<\/td><td>1,80<\/td><\/tr><tr><td>Espresso<\/td><td>2,10<\/td><td>1,30<\/td><\/tr><tr><td>Tee<\/td><td>2, &#8211; <\/td><td>1, &#8211; <\/td><\/tr><tr><td>Frische Minze oder Kr\u00e4utertee*<\/td><td>2,10<\/td><td>1, &#8211; <\/td><\/tr><\/tbody><\/table>\n\n<h2 class=\"wp-block-heading\">GEB\u00c4CK UND KUCHEN<\/h2>\n\n<table class=\"wp-block-table\"><tbody><tr><td>Kuchen<\/td><td>2,40<\/td><\/tr><tr><td>R\u00fchrkuchen<\/td><td>0,85<\/td><\/tr><tr><td>Gew\u00fcrzkuchen<\/td><td>2,20 <\/td><\/tr><\/tbody><\/table>\n\n<h2 class=\"wp-block-heading\">Mittagessen <\/h2>\n\n<div id=\"handwritten-block_5cf636867fac6\" class=\"handwritten aligncenter\">\n  <p class=\"subtitle-handgeschreven\">KEINE SELBSTBEDIENUNG<\/p>\n  <p class=\"handgeschreven\">Diese Getr\u00e4nke und Gerichte k\u00f6nnen Sie bei uns bestellen<\/p>\n<\/div>\n<table class=\"wp-block-table\"><tbody><tr><td><strong>Achterhoeks Maaltje<\/strong>&#13;\nVerschiedene Sorten Brot mit Nagelholz, trockener Wurst und verschiedenen Sorten K\u00e4se<\/td><td>9,25<\/td><\/tr><tr><td><strong>Eiersalat<\/strong>&#13;\nNagelhout, Fr\u00fchlingszwiebel<\/td><td>6,50<\/td><\/tr><tr><td>Tagessuppe<\/td><td>3, &#8211;  <\/td><\/tr><tr><td>Toast Schinken \/ K\u00e4se mit Beilage serviert<\/td><td>4,25<\/td><\/tr><tr><td><strong>Clubsandwich mit H\u00fchnerbrustfilet und nagelhout<\/strong>&#13;\nK\u00e4se, Tomate und Senfmajonnaise<\/td><td>7,50 <\/td><\/tr><\/tbody><\/table>\n\n<p>*Nicht immer vorr\u00e4tig <\/p>\n\n<div style=\"height:100px\" aria-hidden=\"true\" class=\"wp-block-spacer\"><\/div>\n\n<figure class=\"wp-block-pullquote\"><blockquote><p>Eisbecher des monats!&#13;\nEisbecher mit k\u00f6stlichem Bauernhof-Eis.<\/p><cite>Jeden Monat eine andere Sorte.<\/cite><\/blockquote><\/figure>\n","protected":false},"excerpt":{"rendered":"<p>Geb\u00e4ck und Kuchen sind hausgemacht Kommen Sie mit mehr als sechs Personen f\u00fcr Geb\u00e4ck oder Mittagessen? Bitte vorher buchen HEI\u00dfE GETR\u00c4NKE 1e Tasse Tasse nachf\u00fcllung Kaffee 2,10 1,30 Cappuccino 2,30 1,50 Latte Macchiato 2,60 1,80 Espresso 2,10 1,30 Tee 2, &#8211; 1, &#8211; Frische Minze oder Kr\u00e4utertee* 2,10 1, &#8211; GEB\u00c4CK UND KUCHEN Kuchen 2,40 [&hellip;]<\/p>\n","protected":false},"author":1,"featured_media":0,"parent":0,"menu_order":0,"comment_status":"closed","ping_status":"closed","template":"","meta":{"_acf_changed":false,"footnotes":""},"class_list":["post-765","page","type-page","status-publish","hentry"],"acf":[],"yoast_head":"<!-- This site is optimized with the Yoast SEO plugin v27.5 - https:\/\/yoast.com\/product\/yoast-seo-wordpress\/ -->\n<title>Men\u00fckarte - Theetuin Rensink<\/title>\n<meta name=\"robots\" content=\"index, follow, max-snippet:-1, max-image-preview:large, max-video-preview:-1\" \/>\n<link rel=\"canonical\" href=\"https:\/\/theetuinrensink.nl\/de\/menukarte\/\" \/>\n<meta property=\"og:locale\" content=\"de_DE\" \/>\n<meta property=\"og:type\" content=\"article\" \/>\n<meta property=\"og:title\" content=\"Men\u00fckarte - Theetuin Rensink\" \/>\n<meta property=\"og:description\" content=\"Geb\u00e4ck und Kuchen sind hausgemacht Kommen Sie mit mehr als sechs Personen f\u00fcr Geb\u00e4ck oder Mittagessen? Bitte vorher buchen HEI\u00dfE GETR\u00c4NKE 1e Tasse Tasse nachf\u00fcllung Kaffee 2,10 1,30 Cappuccino 2,30 1,50 Latte Macchiato 2,60 1,80 Espresso 2,10 1,30 Tee 2, &#8211; 1, &#8211; Frische Minze oder Kr\u00e4utertee* 2,10 1, &#8211; GEB\u00c4CK UND KUCHEN Kuchen 2,40 [&hellip;]\" \/>\n<meta property=\"og:url\" content=\"https:\/\/theetuinrensink.nl\/de\/menukarte\/\" \/>\n<meta property=\"og:site_name\" content=\"Theetuin Rensink\" \/>\n<meta property=\"article:modified_time\" content=\"2021-07-29T14:03:03+00:00\" \/>\n<meta name=\"twitter:card\" content=\"summary_large_image\" \/>\n<meta name=\"twitter:label1\" content=\"Gesch\u00e4tzte Lesezeit\" \/>\n\t<meta name=\"twitter:data1\" content=\"1\u00a0Minute\" \/>\n<script type=\"application\/ld+json\" class=\"yoast-schema-graph\">{\"@context\":\"https:\\\/\\\/schema.org\",\"@graph\":[{\"@type\":\"WebPage\",\"@id\":\"https:\\\/\\\/theetuinrensink.nl\\\/de\\\/menukarte\\\/\",\"url\":\"https:\\\/\\\/theetuinrensink.nl\\\/de\\\/menukarte\\\/\",\"name\":\"Men\u00fckarte - Theetuin Rensink\",\"isPartOf\":{\"@id\":\"https:\\\/\\\/theetuinrensink.nl\\\/de\\\/#website\"},\"datePublished\":\"2019-06-17T14:21:27+00:00\",\"dateModified\":\"2021-07-29T14:03:03+00:00\",\"breadcrumb\":{\"@id\":\"https:\\\/\\\/theetuinrensink.nl\\\/de\\\/menukarte\\\/#breadcrumb\"},\"inLanguage\":\"de\",\"potentialAction\":[{\"@type\":\"ReadAction\",\"target\":[\"https:\\\/\\\/theetuinrensink.nl\\\/de\\\/menukarte\\\/\"]}]},{\"@type\":\"BreadcrumbList\",\"@id\":\"https:\\\/\\\/theetuinrensink.nl\\\/de\\\/menukarte\\\/#breadcrumb\",\"itemListElement\":[{\"@type\":\"ListItem\",\"position\":1,\"name\":\"Home\",\"item\":\"https:\\\/\\\/theetuinrensink.nl\\\/de\\\/\"},{\"@type\":\"ListItem\",\"position\":2,\"name\":\"Men\u00fckarte\"}]},{\"@type\":\"WebSite\",\"@id\":\"https:\\\/\\\/theetuinrensink.nl\\\/de\\\/#website\",\"url\":\"https:\\\/\\\/theetuinrensink.nl\\\/de\\\/\",\"name\":\"Theetuin Rensink\",\"description\":\"\",\"potentialAction\":[{\"@type\":\"SearchAction\",\"target\":{\"@type\":\"EntryPoint\",\"urlTemplate\":\"https:\\\/\\\/theetuinrensink.nl\\\/de\\\/?s={search_term_string}\"},\"query-input\":{\"@type\":\"PropertyValueSpecification\",\"valueRequired\":true,\"valueName\":\"search_term_string\"}}],\"inLanguage\":\"de\"}]}<\/script>\n<!-- \/ Yoast SEO plugin. -->","yoast_head_json":{"title":"Men\u00fckarte - Theetuin Rensink","robots":{"index":"index","follow":"follow","max-snippet":"max-snippet:-1","max-image-preview":"max-image-preview:large","max-video-preview":"max-video-preview:-1"},"canonical":"https:\/\/theetuinrensink.nl\/de\/menukarte\/","og_locale":"de_DE","og_type":"article","og_title":"Men\u00fckarte - Theetuin Rensink","og_description":"Geb\u00e4ck und Kuchen sind hausgemacht Kommen Sie mit mehr als sechs Personen f\u00fcr Geb\u00e4ck oder Mittagessen? Bitte vorher buchen HEI\u00dfE GETR\u00c4NKE 1e Tasse Tasse nachf\u00fcllung Kaffee 2,10 1,30 Cappuccino 2,30 1,50 Latte Macchiato 2,60 1,80 Espresso 2,10 1,30 Tee 2, &#8211; 1, &#8211; Frische Minze oder Kr\u00e4utertee* 2,10 1, &#8211; GEB\u00c4CK UND KUCHEN Kuchen 2,40 [&hellip;]","og_url":"https:\/\/theetuinrensink.nl\/de\/menukarte\/","og_site_name":"Theetuin Rensink","article_modified_time":"2021-07-29T14:03:03+00:00","twitter_card":"summary_large_image","twitter_misc":{"Gesch\u00e4tzte Lesezeit":"1\u00a0Minute"},"schema":{"@context":"https:\/\/schema.org","@graph":[{"@type":"WebPage","@id":"https:\/\/theetuinrensink.nl\/de\/menukarte\/","url":"https:\/\/theetuinrensink.nl\/de\/menukarte\/","name":"Men\u00fckarte - Theetuin Rensink","isPartOf":{"@id":"https:\/\/theetuinrensink.nl\/de\/#website"},"datePublished":"2019-06-17T14:21:27+00:00","dateModified":"2021-07-29T14:03:03+00:00","breadcrumb":{"@id":"https:\/\/theetuinrensink.nl\/de\/menukarte\/#breadcrumb"},"inLanguage":"de","potentialAction":[{"@type":"ReadAction","target":["https:\/\/theetuinrensink.nl\/de\/menukarte\/"]}]},{"@type":"BreadcrumbList","@id":"https:\/\/theetuinrensink.nl\/de\/menukarte\/#breadcrumb","itemListElement":[{"@type":"ListItem","position":1,"name":"Home","item":"https:\/\/theetuinrensink.nl\/de\/"},{"@type":"ListItem","position":2,"name":"Men\u00fckarte"}]},{"@type":"WebSite","@id":"https:\/\/theetuinrensink.nl\/de\/#website","url":"https:\/\/theetuinrensink.nl\/de\/","name":"Theetuin Rensink","description":"","potentialAction":[{"@type":"SearchAction","target":{"@type":"EntryPoint","urlTemplate":"https:\/\/theetuinrensink.nl\/de\/?s={search_term_string}"},"query-input":{"@type":"PropertyValueSpecification","valueRequired":true,"valueName":"search_term_string"}}],"inLanguage":"de"}]}},"_links":{"self":[{"href":"https:\/\/theetuinrensink.nl\/de\/wp-json\/wp\/v2\/pages\/765","targetHints":{"allow":["GET"]}}],"collection":[{"href":"https:\/\/theetuinrensink.nl\/de\/wp-json\/wp\/v2\/pages"}],"about":[{"href":"https:\/\/theetuinrensink.nl\/de\/wp-json\/wp\/v2\/types\/page"}],"author":[{"embeddable":true,"href":"https:\/\/theetuinrensink.nl\/de\/wp-json\/wp\/v2\/users\/1"}],"replies":[{"embeddable":true,"href":"https:\/\/theetuinrensink.nl\/de\/wp-json\/wp\/v2\/comments?post=765"}],"version-history":[{"count":3,"href":"https:\/\/theetuinrensink.nl\/de\/wp-json\/wp\/v2\/pages\/765\/revisions"}],"predecessor-version":[{"id":942,"href":"https:\/\/theetuinrensink.nl\/de\/wp-json\/wp\/v2\/pages\/765\/revisions\/942"}],"wp:attachment":[{"href":"https:\/\/theetuinrensink.nl\/de\/wp-json\/wp\/v2\/media?parent=765"}],"curies":[{"name":"wp","href":"https:\/\/api.w.org\/{rel}","templated":true}]}}