{"id":761,"date":"2019-06-17T14:01:22","date_gmt":"2019-06-17T14:01:22","guid":{"rendered":"http:\/\/theetuinrensink.nl.web02.esselink.nu\/spielshows-aktivitaten\/"},"modified":"2019-06-28T09:59:48","modified_gmt":"2019-06-28T09:59:48","slug":"spielshows-aktivitaten","status":"publish","type":"page","link":"https:\/\/theetuinrensink.nl\/de\/spielshows-aktivitaten\/","title":{"rendered":"SPIELSHOWS &#038; AKTIVIT\u00c4TEN"},"content":{"rendered":"\n<div id=\"handwritten-block_5cf0fe208fe1d\" class=\"handwritten \">\n  <p class=\"subtitle-handgeschreven\"><\/p>\n  <p class=\"handgeschreven\">Machen Sie Ihr Treffen, Familientag oder Fest noch unvergesslicher mit den kreativen und originellen Spielshows von RB Producties!<\/p>\n<\/div>\n\n\n<h2 class=\"wp-block-heading\">EXPEDITION ROBBINSON<\/h2>\n\n\n\n<p>W\u00e4hrend der Expedition Robbinson k\u00f6nnen Sie zeigen, ob Sie und Ihr Team es in sich haben, mit Taktik und Fertigkeiten vor den anderen Teams zu gewinnen! Um Siegerteam zu werden, m\u00fcssen verschiedene Herausforderungen bezwungen werden wie beispielsweise die Bambusbahn, Feuer machen, das Spinnennetz, das Katapult, die T\u00fcrme von Hanoi oder Jenga mit Fackeln. Bei jeder Aufgabe k\u00f6nnen gr\u00fcne Joker gewonnen werden, der Teilnehmer mit den meisten gr\u00fcnen Jokern ist der beste Robbinson an diesem Tag. Die Joker sind in den Spielen zus\u00e4tzlich zu den Gruppenpunkten zu gewinnen.<\/p>\n\n\n\n<h2 class=\"wp-block-heading\">WER IST DER SPIELVERDERBER?<\/h2>\n\n\n\n<p>Das Ziel dieses spannenden und \u00fcberraschenden Spiels mit unerwarteten Wendungen ist es, dass die teilnehmenden Gruppen m\u00f6glichst viele Punkte sammeln. Die Punkte k\u00f6nnen w\u00e4hrend der Ausf\u00fchrung verschiedener Spiele oder Aufgaben verdient werden. In der Gruppe mit maximal 8 Teilnehmern gibt es allerdings eine Person, deren Aufgabe es ist, daf\u00fcr zu sorgen, dass die Aufgaben nicht richtig ausgef\u00fchrt werden k\u00f6nnen, wodurch die Gruppe keine oder weniger Punkte verdient. Diese Person ist der Maulwurf!<\/p>\n\n\n\n<h2 class=\"wp-block-heading\">ICH LIEBE HOLLAND<\/h2>\n\n\n\n<p>Das bekannte niederl\u00e4ndische Quizspiel \u201eIk hou van Holland\u201c d\u00fcrfte vielen aus dem Fernsehen bekannt sein und ist mit Sicherheit das sch\u00f6nste &#8222;urholl\u00e4ndische&#8220; Spiel, was es gibt. Sobald die Spielf\u00fchrer gew\u00e4hlt wurden, beginnt der Wettkampf. Allerlei Facetten aus dem TV-Quiz tauchen auf, wie beispielsweise das Geburtstagsspiel und Rate ein Lied oder nicht! In 7 Runden streiten 2 Teams um ein urholl\u00e4ndisches Preispaket.\n<\/p>\n\n\n\n<p>Jedes Team hat seinen eigenen Quiztisch. Hinter diesem stehen die Teams. Jedes Team hat pro Runde einen Spielf\u00fchrer. Nach jeder Runde wird der Spielf\u00fchrer gewechselt. Der Spielf\u00fchrer, der als Erstes auf den Knopf dr\u00fcckt, darf die Frage beantworten.\n<\/p>\n\n\n\n<h2 class=\"wp-block-heading\">M\u00c4NNER GEGEN DIE FRAUEN<\/h2>\n\n\n\n<p>Ein Quiz, das Sie so schnell nicht mehr vergessen werden. Denn wer ist besser: die M\u00e4nner oder die Frauen? Seit der Grundschule treibt uns diese epische Streitfrage um. Mit diesem v\u00f6llig verr\u00fcckten Quiz werden wir diese Frage n\u00e4her untersuchen. Wir werden nicht nur Ihr Wissen \u00fcber das andere Geschlecht testen, sondern auch Ihre Schnelligkeit.<\/p>\n\n\n\n<p>Die Gruppe wird in Teams aufgeteilt. Jedes Team besteht nur aus M\u00e4nnern oder Frauen. Diese Teams werden gegeneinander spielen. Wer wei\u00df am meisten \u00fcber das andere Geschlecht (oder die Unterschiede zwischen ihnen)? Erleben Sie es selbst!<\/p>\n\n\n\n<p>Ein professioneller Pr\u00e4sentator wird diese Spielshow begleiten und diesen Urstreit vielleicht sogar zu einem Fest machen. Buchen Sie diesen besonderen und vor allem erheiternden Abend mit viel Wiedererkennungswert, Erkenntnissen und nat\u00fcrlich mit sehr viel Spa\u00df.<\/p>\n\n\n\n<h2 class=\"wp-block-heading\">TOP 2000<\/h2>\n\n\n\n<p>Suchen Sie eine musikalische und interaktive Spielshow? Dann ist die Top 2000 ziemlich sicher etwas f\u00fcr Sie! Wahrscheinlich kennen Sie die Top 2000, die jedes Jahr im niederl\u00e4ndischen Radio am Ende des Jahres auf NPO Radio 2 laufen. M\u00f6chten Sie Ihr musikalisches Wissen testen und gegen Kollegen oder Freunde antreten? Dann los!<\/p>\n\n\n\n<p>Das Spiel wird unter Begleitung der Musiker von RB Producties gespielt. Die Show hat verschiedene Runden. So m\u00fcssen die Teams so schnell wie m\u00f6glich die live gespielten Intros von Liedern raten, dazu wird das tats\u00e4chliche Wissen \u00fcber bekannte Musikver\u00f6ffentlichungen aus den Jahren &#8217;70, &#8217;80, &#8217;90 und &#8217;00. Wie hie\u00df gleich der erste Nummer 1 Hit der Queen of Pop? Und welches Popalbum wurde von der amerikanischen Zeitschrift &#8222;Rolling Stone&#8220; zum besten Album aller Zeiten gew\u00e4hlt?<\/p>\n\n\n\n<p>Doch das ist nicht alles! Sorgen Sie daf\u00fcr, dass Ihre Stimmb\u00e4nder aufgew\u00e4rmt sind, denn diese werden w\u00e4hrend der Karaokerunde ordentlich auf die Probe gestellt. Welches Team kann die meisten Liedzeilen mitsingen von dieser einen bekannten Top 2000 Nummer?<\/p>\n\n\n\n<p>Die Show verspricht ein gro\u00dfes musikalisches Spektakel!<\/p>\n\n\n\n<p>Haben Sie Interesse und m\u00f6chten Sie gerne mehr wissen? Nehmen Sie dann einfach <u><a href=\"https:\/\/theetuinrensink.nl\/de\/kontakt\/\">Kontakt<\/a><\/u><a href=\"https:\/\/theetuinrensink.nl\/de\/kontakt\/\"> <\/a>mit uns auf!<\/p>\n\n\n\n<ul class=\"wp-block-gallery columns-3 is-cropped wp-block-gallery-1 is-layout-flex wp-block-gallery-is-layout-flex\"><li class=\"blocks-gallery-item\"><figure><img loading=\"lazy\" decoding=\"async\" width=\"319\" height=\"213\" src=\"http:\/\/theetuinrensink.nl.web02.esselink.nu\/wp-content\/uploads\/2019\/05\/rb-1.jpg\" alt=\"\" data-id=\"582\" data-link=\"http:\/\/theetuinrensink.nl.web02.esselink.nu\/?attachment_id=582\" class=\"wp-image-582\" srcset=\"https:\/\/theetuinrensink.nl\/wp-content\/uploads\/2019\/05\/rb-1.jpg 319w, https:\/\/theetuinrensink.nl\/wp-content\/uploads\/2019\/05\/rb-1-300x200.jpg 300w\" sizes=\"auto, (max-width: 319px) 100vw, 319px\" \/><\/figure><\/li><li class=\"blocks-gallery-item\"><figure><img loading=\"lazy\" decoding=\"async\" width=\"319\" height=\"213\" src=\"http:\/\/theetuinrensink.nl.web02.esselink.nu\/wp-content\/uploads\/2019\/05\/rb-2.jpg\" alt=\"\" data-id=\"584\" data-link=\"http:\/\/theetuinrensink.nl.web02.esselink.nu\/?attachment_id=584\" class=\"wp-image-584\" srcset=\"https:\/\/theetuinrensink.nl\/wp-content\/uploads\/2019\/05\/rb-2.jpg 319w, https:\/\/theetuinrensink.nl\/wp-content\/uploads\/2019\/05\/rb-2-300x200.jpg 300w\" sizes=\"auto, (max-width: 319px) 100vw, 319px\" \/><\/figure><\/li><li class=\"blocks-gallery-item\"><figure><img loading=\"lazy\" decoding=\"async\" width=\"267\" height=\"267\" src=\"http:\/\/theetuinrensink.nl.web02.esselink.nu\/wp-content\/uploads\/2019\/05\/rb3.jpg\" alt=\"\" data-id=\"586\" data-link=\"http:\/\/theetuinrensink.nl.web02.esselink.nu\/?attachment_id=586\" class=\"wp-image-586\" srcset=\"https:\/\/theetuinrensink.nl\/wp-content\/uploads\/2019\/05\/rb3.jpg 267w, https:\/\/theetuinrensink.nl\/wp-content\/uploads\/2019\/05\/rb3-150x150.jpg 150w\" sizes=\"auto, (max-width: 267px) 100vw, 267px\" \/><\/figure><\/li><\/ul>\n","protected":false},"excerpt":{"rendered":"<p>EXPEDITION ROBBINSON W\u00e4hrend der Expedition Robbinson k\u00f6nnen Sie zeigen, ob Sie und Ihr Team es in sich haben, mit Taktik und Fertigkeiten vor den anderen Teams zu gewinnen! Um Siegerteam zu werden, m\u00fcssen verschiedene Herausforderungen bezwungen werden wie beispielsweise die Bambusbahn, Feuer machen, das Spinnennetz, das Katapult, die T\u00fcrme von Hanoi oder Jenga mit Fackeln. [&hellip;]<\/p>\n","protected":false},"author":2,"featured_media":0,"parent":0,"menu_order":0,"comment_status":"closed","ping_status":"closed","template":"","meta":{"_acf_changed":false,"footnotes":""},"class_list":["post-761","page","type-page","status-publish","hentry"],"acf":[],"yoast_head":"<!-- This site is optimized with the Yoast SEO plugin v27.5 - https:\/\/yoast.com\/product\/yoast-seo-wordpress\/ -->\n<title>SPIELSHOWS &amp; AKTIVIT\u00c4TEN - Theetuin Rensink<\/title>\n<meta name=\"robots\" content=\"index, follow, max-snippet:-1, max-image-preview:large, max-video-preview:-1\" \/>\n<link rel=\"canonical\" href=\"https:\/\/theetuinrensink.nl\/de\/spielshows-aktivitaten\/\" \/>\n<meta property=\"og:locale\" content=\"de_DE\" \/>\n<meta property=\"og:type\" content=\"article\" \/>\n<meta property=\"og:title\" content=\"SPIELSHOWS &amp; AKTIVIT\u00c4TEN - Theetuin Rensink\" \/>\n<meta property=\"og:description\" content=\"EXPEDITION ROBBINSON W\u00e4hrend der Expedition Robbinson k\u00f6nnen Sie zeigen, ob Sie und Ihr Team es in sich haben, mit Taktik und Fertigkeiten vor den anderen Teams zu gewinnen! Um Siegerteam zu werden, m\u00fcssen verschiedene Herausforderungen bezwungen werden wie beispielsweise die Bambusbahn, Feuer machen, das Spinnennetz, das Katapult, die T\u00fcrme von Hanoi oder Jenga mit Fackeln. [&hellip;]\" \/>\n<meta property=\"og:url\" content=\"https:\/\/theetuinrensink.nl\/de\/spielshows-aktivitaten\/\" \/>\n<meta property=\"og:site_name\" content=\"Theetuin Rensink\" \/>\n<meta property=\"article:modified_time\" content=\"2019-06-28T09:59:48+00:00\" \/>\n<meta property=\"og:image\" content=\"http:\/\/theetuinrensink.nl.web02.esselink.nu\/wp-content\/uploads\/2019\/05\/rb-1.jpg\" \/>\n<meta name=\"twitter:card\" content=\"summary_large_image\" \/>\n<meta name=\"twitter:label1\" content=\"Gesch\u00e4tzte Lesezeit\" \/>\n\t<meta name=\"twitter:data1\" content=\"3\u00a0Minuten\" \/>\n<script type=\"application\/ld+json\" class=\"yoast-schema-graph\">{\"@context\":\"https:\\\/\\\/schema.org\",\"@graph\":[{\"@type\":\"WebPage\",\"@id\":\"https:\\\/\\\/theetuinrensink.nl\\\/de\\\/spielshows-aktivitaten\\\/\",\"url\":\"https:\\\/\\\/theetuinrensink.nl\\\/de\\\/spielshows-aktivitaten\\\/\",\"name\":\"SPIELSHOWS & AKTIVIT\u00c4TEN - Theetuin Rensink\",\"isPartOf\":{\"@id\":\"https:\\\/\\\/theetuinrensink.nl\\\/de\\\/#website\"},\"primaryImageOfPage\":{\"@id\":\"https:\\\/\\\/theetuinrensink.nl\\\/de\\\/spielshows-aktivitaten\\\/#primaryimage\"},\"image\":{\"@id\":\"https:\\\/\\\/theetuinrensink.nl\\\/de\\\/spielshows-aktivitaten\\\/#primaryimage\"},\"thumbnailUrl\":\"http:\\\/\\\/theetuinrensink.nl.web02.esselink.nu\\\/wp-content\\\/uploads\\\/2019\\\/05\\\/rb-1.jpg\",\"datePublished\":\"2019-06-17T14:01:22+00:00\",\"dateModified\":\"2019-06-28T09:59:48+00:00\",\"breadcrumb\":{\"@id\":\"https:\\\/\\\/theetuinrensink.nl\\\/de\\\/spielshows-aktivitaten\\\/#breadcrumb\"},\"inLanguage\":\"de\",\"potentialAction\":[{\"@type\":\"ReadAction\",\"target\":[\"https:\\\/\\\/theetuinrensink.nl\\\/de\\\/spielshows-aktivitaten\\\/\"]}]},{\"@type\":\"ImageObject\",\"inLanguage\":\"de\",\"@id\":\"https:\\\/\\\/theetuinrensink.nl\\\/de\\\/spielshows-aktivitaten\\\/#primaryimage\",\"url\":\"http:\\\/\\\/theetuinrensink.nl.web02.esselink.nu\\\/wp-content\\\/uploads\\\/2019\\\/05\\\/rb-1.jpg\",\"contentUrl\":\"http:\\\/\\\/theetuinrensink.nl.web02.esselink.nu\\\/wp-content\\\/uploads\\\/2019\\\/05\\\/rb-1.jpg\"},{\"@type\":\"BreadcrumbList\",\"@id\":\"https:\\\/\\\/theetuinrensink.nl\\\/de\\\/spielshows-aktivitaten\\\/#breadcrumb\",\"itemListElement\":[{\"@type\":\"ListItem\",\"position\":1,\"name\":\"Home\",\"item\":\"https:\\\/\\\/theetuinrensink.nl\\\/de\\\/\"},{\"@type\":\"ListItem\",\"position\":2,\"name\":\"SPIELSHOWS &#038; AKTIVIT\u00c4TEN\"}]},{\"@type\":\"WebSite\",\"@id\":\"https:\\\/\\\/theetuinrensink.nl\\\/de\\\/#website\",\"url\":\"https:\\\/\\\/theetuinrensink.nl\\\/de\\\/\",\"name\":\"Theetuin Rensink\",\"description\":\"\",\"potentialAction\":[{\"@type\":\"SearchAction\",\"target\":{\"@type\":\"EntryPoint\",\"urlTemplate\":\"https:\\\/\\\/theetuinrensink.nl\\\/de\\\/?s={search_term_string}\"},\"query-input\":{\"@type\":\"PropertyValueSpecification\",\"valueRequired\":true,\"valueName\":\"search_term_string\"}}],\"inLanguage\":\"de\"}]}<\/script>\n<!-- \/ Yoast SEO plugin. -->","yoast_head_json":{"title":"SPIELSHOWS & AKTIVIT\u00c4TEN - Theetuin Rensink","robots":{"index":"index","follow":"follow","max-snippet":"max-snippet:-1","max-image-preview":"max-image-preview:large","max-video-preview":"max-video-preview:-1"},"canonical":"https:\/\/theetuinrensink.nl\/de\/spielshows-aktivitaten\/","og_locale":"de_DE","og_type":"article","og_title":"SPIELSHOWS & AKTIVIT\u00c4TEN - Theetuin Rensink","og_description":"EXPEDITION ROBBINSON W\u00e4hrend der Expedition Robbinson k\u00f6nnen Sie zeigen, ob Sie und Ihr Team es in sich haben, mit Taktik und Fertigkeiten vor den anderen Teams zu gewinnen! Um Siegerteam zu werden, m\u00fcssen verschiedene Herausforderungen bezwungen werden wie beispielsweise die Bambusbahn, Feuer machen, das Spinnennetz, das Katapult, die T\u00fcrme von Hanoi oder Jenga mit Fackeln. [&hellip;]","og_url":"https:\/\/theetuinrensink.nl\/de\/spielshows-aktivitaten\/","og_site_name":"Theetuin Rensink","article_modified_time":"2019-06-28T09:59:48+00:00","og_image":[{"url":"http:\/\/theetuinrensink.nl.web02.esselink.nu\/wp-content\/uploads\/2019\/05\/rb-1.jpg","type":"","width":"","height":""}],"twitter_card":"summary_large_image","twitter_misc":{"Gesch\u00e4tzte Lesezeit":"3\u00a0Minuten"},"schema":{"@context":"https:\/\/schema.org","@graph":[{"@type":"WebPage","@id":"https:\/\/theetuinrensink.nl\/de\/spielshows-aktivitaten\/","url":"https:\/\/theetuinrensink.nl\/de\/spielshows-aktivitaten\/","name":"SPIELSHOWS & AKTIVIT\u00c4TEN - Theetuin Rensink","isPartOf":{"@id":"https:\/\/theetuinrensink.nl\/de\/#website"},"primaryImageOfPage":{"@id":"https:\/\/theetuinrensink.nl\/de\/spielshows-aktivitaten\/#primaryimage"},"image":{"@id":"https:\/\/theetuinrensink.nl\/de\/spielshows-aktivitaten\/#primaryimage"},"thumbnailUrl":"http:\/\/theetuinrensink.nl.web02.esselink.nu\/wp-content\/uploads\/2019\/05\/rb-1.jpg","datePublished":"2019-06-17T14:01:22+00:00","dateModified":"2019-06-28T09:59:48+00:00","breadcrumb":{"@id":"https:\/\/theetuinrensink.nl\/de\/spielshows-aktivitaten\/#breadcrumb"},"inLanguage":"de","potentialAction":[{"@type":"ReadAction","target":["https:\/\/theetuinrensink.nl\/de\/spielshows-aktivitaten\/"]}]},{"@type":"ImageObject","inLanguage":"de","@id":"https:\/\/theetuinrensink.nl\/de\/spielshows-aktivitaten\/#primaryimage","url":"http:\/\/theetuinrensink.nl.web02.esselink.nu\/wp-content\/uploads\/2019\/05\/rb-1.jpg","contentUrl":"http:\/\/theetuinrensink.nl.web02.esselink.nu\/wp-content\/uploads\/2019\/05\/rb-1.jpg"},{"@type":"BreadcrumbList","@id":"https:\/\/theetuinrensink.nl\/de\/spielshows-aktivitaten\/#breadcrumb","itemListElement":[{"@type":"ListItem","position":1,"name":"Home","item":"https:\/\/theetuinrensink.nl\/de\/"},{"@type":"ListItem","position":2,"name":"SPIELSHOWS &#038; AKTIVIT\u00c4TEN"}]},{"@type":"WebSite","@id":"https:\/\/theetuinrensink.nl\/de\/#website","url":"https:\/\/theetuinrensink.nl\/de\/","name":"Theetuin Rensink","description":"","potentialAction":[{"@type":"SearchAction","target":{"@type":"EntryPoint","urlTemplate":"https:\/\/theetuinrensink.nl\/de\/?s={search_term_string}"},"query-input":{"@type":"PropertyValueSpecification","valueRequired":true,"valueName":"search_term_string"}}],"inLanguage":"de"}]}},"_links":{"self":[{"href":"https:\/\/theetuinrensink.nl\/de\/wp-json\/wp\/v2\/pages\/761","targetHints":{"allow":["GET"]}}],"collection":[{"href":"https:\/\/theetuinrensink.nl\/de\/wp-json\/wp\/v2\/pages"}],"about":[{"href":"https:\/\/theetuinrensink.nl\/de\/wp-json\/wp\/v2\/types\/page"}],"author":[{"embeddable":true,"href":"https:\/\/theetuinrensink.nl\/de\/wp-json\/wp\/v2\/users\/2"}],"replies":[{"embeddable":true,"href":"https:\/\/theetuinrensink.nl\/de\/wp-json\/wp\/v2\/comments?post=761"}],"version-history":[{"count":2,"href":"https:\/\/theetuinrensink.nl\/de\/wp-json\/wp\/v2\/pages\/761\/revisions"}],"predecessor-version":[{"id":831,"href":"https:\/\/theetuinrensink.nl\/de\/wp-json\/wp\/v2\/pages\/761\/revisions\/831"}],"wp:attachment":[{"href":"https:\/\/theetuinrensink.nl\/de\/wp-json\/wp\/v2\/media?parent=761"}],"curies":[{"name":"wp","href":"https:\/\/api.w.org\/{rel}","templated":true}]}}