{"id":759,"date":"2019-06-17T13:57:43","date_gmt":"2019-06-17T13:57:43","guid":{"rendered":"http:\/\/theetuinrensink.nl.web02.esselink.nu\/heiraten\/"},"modified":"2019-06-28T09:58:52","modified_gmt":"2019-06-28T09:58:52","slug":"heiraten","status":"publish","type":"page","link":"https:\/\/theetuinrensink.nl\/de\/heiraten\/","title":{"rendered":"HEIRATEN"},"content":{"rendered":"\n<div id=\"handwritten-block_5cf109a0033ec\" class=\"handwritten \">\n  <p class=\"subtitle-handgeschreven\"><\/p>\n  <p class=\"handgeschreven\">Ihre Hochzeit auf einem historischen Bauernhof<\/p>\n<\/div>\n\n\n<p>Im ruhigen Umland von Aalten liegt Theetuin Rensink. Der romantische und historische Bauernhof ist die perfekte Kulisse f\u00fcr eine Hochzeit ohne Ortswechsel. Feiern Sie Ihre Trauzeremonie unter den H\u00e4ngebirken und sto\u00dfen Sie auf dem Rasen mit einem Glas edlen Champagner an. Genie\u00dfen Sie mit allen G\u00e4sten einen Umtrunk, bevor im Gartenhaus mit Aussicht auf den Blumengarten das Hochzeitsdinner serviert wird. Die stilvoll restaurierte Tenne mit den alten Balken, dem Holzofen und ihrer warmen h\u00e4uslichen Atmosph\u00e4re ist perfekt f\u00fcr die Feier am Abend.<\/p>\n\n\n\n<p>Wir freuen uns darauf, Sie kennenzulernen! Nehmen Sie ruhig <u><a href=\"https:\/\/theetuinrensink.nl\/de\/kontakt\/\">Kontakt<\/a><\/u><a href=\"https:\/\/theetuinrensink.nl\/de\/kontakt\/\"> <\/a>mit uns auf, um die \u00d6rtlichkeiten unverbindlich anzuschauen und alle M\u00f6glichkeiten mit uns zu besprechen!<\/p>\n\n\n\n<ul class=\"wp-block-gallery aligncenter columns-4 is-cropped wp-block-gallery-1 is-layout-flex wp-block-gallery-is-layout-flex\"><li class=\"blocks-gallery-item\"><figure><a  href=\"http:\/\/theetuinrensink.nl.web02.esselink.nu\/wp-content\/uploads\/2019\/05\/small_46858033.jpg\" data-rel=\"lightbox-gallery-0\" data-rl_title=\"\" data-rl_caption=\"\" title=\"\"><img loading=\"lazy\" decoding=\"async\" width=\"157\" height=\"280\" src=\"http:\/\/theetuinrensink.nl.web02.esselink.nu\/wp-content\/uploads\/2019\/05\/small_46858033.jpg\" alt=\"\" data-id=\"566\" data-link=\"http:\/\/theetuinrensink.nl.web02.esselink.nu\/?attachment_id=566\" class=\"wp-image-566\"\/><\/a><\/figure><\/li><li class=\"blocks-gallery-item\"><figure><a  href=\"http:\/\/theetuinrensink.nl.web02.esselink.nu\/wp-content\/uploads\/2019\/05\/20190421_200459-1024x576.jpg\" data-rel=\"lightbox-gallery-0\" data-rl_title=\"\" data-rl_caption=\"\" title=\"\"><img loading=\"lazy\" decoding=\"async\" width=\"1024\" height=\"576\" src=\"http:\/\/theetuinrensink.nl.web02.esselink.nu\/wp-content\/uploads\/2019\/05\/20190421_200459-1024x576.jpg\" alt=\"\" data-id=\"570\" data-link=\"http:\/\/theetuinrensink.nl.web02.esselink.nu\/?attachment_id=570\" class=\"wp-image-570\" srcset=\"https:\/\/theetuinrensink.nl\/wp-content\/uploads\/2019\/05\/20190421_200459-1024x576.jpg 1024w, https:\/\/theetuinrensink.nl\/wp-content\/uploads\/2019\/05\/20190421_200459-300x169.jpg 300w, https:\/\/theetuinrensink.nl\/wp-content\/uploads\/2019\/05\/20190421_200459-768x432.jpg 768w\" sizes=\"auto, (max-width: 1024px) 100vw, 1024px\" \/><\/a><\/figure><\/li><li class=\"blocks-gallery-item\"><figure><a  href=\"http:\/\/theetuinrensink.nl.web02.esselink.nu\/wp-content\/uploads\/2019\/05\/big_46858113_0_425-319.jpg\" data-rel=\"lightbox-gallery-0\" data-rl_title=\"\" data-rl_caption=\"\" title=\"\"><img loading=\"lazy\" decoding=\"async\" width=\"425\" height=\"319\" src=\"http:\/\/theetuinrensink.nl.web02.esselink.nu\/wp-content\/uploads\/2019\/05\/big_46858113_0_425-319.jpg\" alt=\"\" data-id=\"564\" data-link=\"http:\/\/theetuinrensink.nl.web02.esselink.nu\/?attachment_id=564\" class=\"wp-image-564\" srcset=\"https:\/\/theetuinrensink.nl\/wp-content\/uploads\/2019\/05\/big_46858113_0_425-319.jpg 425w, https:\/\/theetuinrensink.nl\/wp-content\/uploads\/2019\/05\/big_46858113_0_425-319-300x225.jpg 300w\" sizes=\"auto, (max-width: 425px) 100vw, 425px\" \/><\/a><\/figure><\/li><li class=\"blocks-gallery-item\"><figure><a  href=\"http:\/\/theetuinrensink.nl.web02.esselink.nu\/wp-content\/uploads\/2019\/05\/DCM0646-1024x680.jpg\" data-rel=\"lightbox-gallery-0\" data-rl_title=\"\" data-rl_caption=\"\" title=\"\"><img loading=\"lazy\" decoding=\"async\" width=\"1024\" height=\"680\" src=\"http:\/\/theetuinrensink.nl.web02.esselink.nu\/wp-content\/uploads\/2019\/05\/DCM0646-1024x680.jpg\" alt=\"\" data-id=\"562\" data-link=\"http:\/\/theetuinrensink.nl.web02.esselink.nu\/?attachment_id=562\" class=\"wp-image-562\" srcset=\"https:\/\/theetuinrensink.nl\/wp-content\/uploads\/2019\/05\/DCM0646-1024x680.jpg 1024w, https:\/\/theetuinrensink.nl\/wp-content\/uploads\/2019\/05\/DCM0646-300x199.jpg 300w, https:\/\/theetuinrensink.nl\/wp-content\/uploads\/2019\/05\/DCM0646-768x510.jpg 768w\" sizes=\"auto, (max-width: 1024px) 100vw, 1024px\" \/><\/a><\/figure><\/li><li class=\"blocks-gallery-item\"><figure><a  href=\"http:\/\/theetuinrensink.nl.web02.esselink.nu\/wp-content\/uploads\/2019\/05\/small_46858038.jpg\" data-rel=\"lightbox-gallery-0\" data-rl_title=\"\" data-rl_caption=\"\" title=\"\"><img loading=\"lazy\" decoding=\"async\" width=\"280\" height=\"210\" src=\"http:\/\/theetuinrensink.nl.web02.esselink.nu\/wp-content\/uploads\/2019\/05\/small_46858038.jpg\" alt=\"\" data-id=\"568\" data-link=\"http:\/\/theetuinrensink.nl.web02.esselink.nu\/?attachment_id=568\" class=\"wp-image-568\"\/><\/a><\/figure><\/li><li class=\"blocks-gallery-item\"><figure><a  href=\"http:\/\/theetuinrensink.nl.web02.esselink.nu\/wp-content\/uploads\/2019\/05\/20190421_200325-1024x576.jpg\" data-rel=\"lightbox-gallery-0\" data-rl_title=\"\" data-rl_caption=\"\" title=\"\"><img loading=\"lazy\" decoding=\"async\" width=\"1024\" height=\"576\" src=\"http:\/\/theetuinrensink.nl.web02.esselink.nu\/wp-content\/uploads\/2019\/05\/20190421_200325-1024x576.jpg\" alt=\"\" data-id=\"572\" data-link=\"http:\/\/theetuinrensink.nl.web02.esselink.nu\/?attachment_id=572\" class=\"wp-image-572\" srcset=\"https:\/\/theetuinrensink.nl\/wp-content\/uploads\/2019\/05\/20190421_200325-1024x576.jpg 1024w, https:\/\/theetuinrensink.nl\/wp-content\/uploads\/2019\/05\/20190421_200325-300x169.jpg 300w, https:\/\/theetuinrensink.nl\/wp-content\/uploads\/2019\/05\/20190421_200325-768x432.jpg 768w\" sizes=\"auto, (max-width: 1024px) 100vw, 1024px\" \/><\/a><\/figure><\/li><li class=\"blocks-gallery-item\"><figure><a  href=\"http:\/\/theetuinrensink.nl.web02.esselink.nu\/wp-content\/uploads\/2019\/05\/DCM0546-1024x680.jpg\" data-rel=\"lightbox-gallery-0\" data-rl_title=\"\" data-rl_caption=\"\" title=\"\"><img loading=\"lazy\" decoding=\"async\" width=\"1024\" height=\"680\" src=\"http:\/\/theetuinrensink.nl.web02.esselink.nu\/wp-content\/uploads\/2019\/05\/DCM0546-1024x680.jpg\" alt=\"\" data-id=\"560\" data-link=\"http:\/\/theetuinrensink.nl.web02.esselink.nu\/?attachment_id=560\" class=\"wp-image-560\" srcset=\"https:\/\/theetuinrensink.nl\/wp-content\/uploads\/2019\/05\/DCM0546-1024x680.jpg 1024w, https:\/\/theetuinrensink.nl\/wp-content\/uploads\/2019\/05\/DCM0546-300x199.jpg 300w, https:\/\/theetuinrensink.nl\/wp-content\/uploads\/2019\/05\/DCM0546-768x510.jpg 768w\" sizes=\"auto, (max-width: 1024px) 100vw, 1024px\" \/><\/a><\/figure><\/li><\/ul>\n","protected":false},"excerpt":{"rendered":"<p>Im ruhigen Umland von Aalten liegt Theetuin Rensink. Der romantische und historische Bauernhof ist die perfekte Kulisse f\u00fcr eine Hochzeit ohne Ortswechsel. Feiern Sie Ihre Trauzeremonie unter den H\u00e4ngebirken und sto\u00dfen Sie auf dem Rasen mit einem Glas edlen Champagner an. Genie\u00dfen Sie mit allen G\u00e4sten einen Umtrunk, bevor im Gartenhaus mit Aussicht auf den [&hellip;]<\/p>\n","protected":false},"author":2,"featured_media":565,"parent":0,"menu_order":0,"comment_status":"closed","ping_status":"closed","template":"","meta":{"_acf_changed":false,"footnotes":""},"class_list":["post-759","page","type-page","status-publish","has-post-thumbnail","hentry"],"acf":[],"yoast_head":"<!-- This site is optimized with the Yoast SEO plugin v27.5 - https:\/\/yoast.com\/product\/yoast-seo-wordpress\/ -->\n<title>HEIRATEN - Theetuin Rensink<\/title>\n<meta name=\"robots\" content=\"index, follow, max-snippet:-1, max-image-preview:large, max-video-preview:-1\" \/>\n<link rel=\"canonical\" href=\"https:\/\/theetuinrensink.nl\/de\/heiraten\/\" \/>\n<meta property=\"og:locale\" content=\"de_DE\" \/>\n<meta property=\"og:type\" content=\"article\" \/>\n<meta property=\"og:title\" content=\"HEIRATEN - Theetuin Rensink\" \/>\n<meta property=\"og:description\" content=\"Im ruhigen Umland von Aalten liegt Theetuin Rensink. Der romantische und historische Bauernhof ist die perfekte Kulisse f\u00fcr eine Hochzeit ohne Ortswechsel. Feiern Sie Ihre Trauzeremonie unter den H\u00e4ngebirken und sto\u00dfen Sie auf dem Rasen mit einem Glas edlen Champagner an. Genie\u00dfen Sie mit allen G\u00e4sten einen Umtrunk, bevor im Gartenhaus mit Aussicht auf den [&hellip;]\" \/>\n<meta property=\"og:url\" content=\"https:\/\/theetuinrensink.nl\/de\/heiraten\/\" \/>\n<meta property=\"og:site_name\" content=\"Theetuin Rensink\" \/>\n<meta property=\"article:modified_time\" content=\"2019-06-28T09:58:52+00:00\" \/>\n<meta property=\"og:image\" content=\"http:\/\/theetuinrensink.nl.web02.esselink.nu\/wp-content\/uploads\/2019\/05\/small_46858033.jpg\" \/>\n<meta name=\"twitter:card\" content=\"summary_large_image\" \/>\n<meta name=\"twitter:label1\" content=\"Gesch\u00e4tzte Lesezeit\" \/>\n\t<meta name=\"twitter:data1\" content=\"1\u00a0Minute\" \/>\n<script type=\"application\/ld+json\" class=\"yoast-schema-graph\">{\"@context\":\"https:\\\/\\\/schema.org\",\"@graph\":[{\"@type\":\"WebPage\",\"@id\":\"https:\\\/\\\/theetuinrensink.nl\\\/de\\\/heiraten\\\/\",\"url\":\"https:\\\/\\\/theetuinrensink.nl\\\/de\\\/heiraten\\\/\",\"name\":\"HEIRATEN - Theetuin Rensink\",\"isPartOf\":{\"@id\":\"https:\\\/\\\/theetuinrensink.nl\\\/de\\\/#website\"},\"primaryImageOfPage\":{\"@id\":\"https:\\\/\\\/theetuinrensink.nl\\\/de\\\/heiraten\\\/#primaryimage\"},\"image\":{\"@id\":\"https:\\\/\\\/theetuinrensink.nl\\\/de\\\/heiraten\\\/#primaryimage\"},\"thumbnailUrl\":\"https:\\\/\\\/theetuinrensink.nl\\\/wp-content\\\/uploads\\\/2019\\\/05\\\/big_46858113_0_425-319.jpg\",\"datePublished\":\"2019-06-17T13:57:43+00:00\",\"dateModified\":\"2019-06-28T09:58:52+00:00\",\"breadcrumb\":{\"@id\":\"https:\\\/\\\/theetuinrensink.nl\\\/de\\\/heiraten\\\/#breadcrumb\"},\"inLanguage\":\"de\",\"potentialAction\":[{\"@type\":\"ReadAction\",\"target\":[\"https:\\\/\\\/theetuinrensink.nl\\\/de\\\/heiraten\\\/\"]}]},{\"@type\":\"ImageObject\",\"inLanguage\":\"de\",\"@id\":\"https:\\\/\\\/theetuinrensink.nl\\\/de\\\/heiraten\\\/#primaryimage\",\"url\":\"https:\\\/\\\/theetuinrensink.nl\\\/wp-content\\\/uploads\\\/2019\\\/05\\\/big_46858113_0_425-319.jpg\",\"contentUrl\":\"https:\\\/\\\/theetuinrensink.nl\\\/wp-content\\\/uploads\\\/2019\\\/05\\\/big_46858113_0_425-319.jpg\",\"width\":425,\"height\":319,\"caption\":\"Trouwen bij theetuin rensink\"},{\"@type\":\"BreadcrumbList\",\"@id\":\"https:\\\/\\\/theetuinrensink.nl\\\/de\\\/heiraten\\\/#breadcrumb\",\"itemListElement\":[{\"@type\":\"ListItem\",\"position\":1,\"name\":\"Home\",\"item\":\"https:\\\/\\\/theetuinrensink.nl\\\/de\\\/\"},{\"@type\":\"ListItem\",\"position\":2,\"name\":\"HEIRATEN\"}]},{\"@type\":\"WebSite\",\"@id\":\"https:\\\/\\\/theetuinrensink.nl\\\/de\\\/#website\",\"url\":\"https:\\\/\\\/theetuinrensink.nl\\\/de\\\/\",\"name\":\"Theetuin Rensink\",\"description\":\"\",\"potentialAction\":[{\"@type\":\"SearchAction\",\"target\":{\"@type\":\"EntryPoint\",\"urlTemplate\":\"https:\\\/\\\/theetuinrensink.nl\\\/de\\\/?s={search_term_string}\"},\"query-input\":{\"@type\":\"PropertyValueSpecification\",\"valueRequired\":true,\"valueName\":\"search_term_string\"}}],\"inLanguage\":\"de\"}]}<\/script>\n<!-- \/ Yoast SEO plugin. -->","yoast_head_json":{"title":"HEIRATEN - Theetuin Rensink","robots":{"index":"index","follow":"follow","max-snippet":"max-snippet:-1","max-image-preview":"max-image-preview:large","max-video-preview":"max-video-preview:-1"},"canonical":"https:\/\/theetuinrensink.nl\/de\/heiraten\/","og_locale":"de_DE","og_type":"article","og_title":"HEIRATEN - Theetuin Rensink","og_description":"Im ruhigen Umland von Aalten liegt Theetuin Rensink. Der romantische und historische Bauernhof ist die perfekte Kulisse f\u00fcr eine Hochzeit ohne Ortswechsel. Feiern Sie Ihre Trauzeremonie unter den H\u00e4ngebirken und sto\u00dfen Sie auf dem Rasen mit einem Glas edlen Champagner an. Genie\u00dfen Sie mit allen G\u00e4sten einen Umtrunk, bevor im Gartenhaus mit Aussicht auf den [&hellip;]","og_url":"https:\/\/theetuinrensink.nl\/de\/heiraten\/","og_site_name":"Theetuin Rensink","article_modified_time":"2019-06-28T09:58:52+00:00","og_image":[{"url":"http:\/\/theetuinrensink.nl.web02.esselink.nu\/wp-content\/uploads\/2019\/05\/small_46858033.jpg","type":"","width":"","height":""}],"twitter_card":"summary_large_image","twitter_misc":{"Gesch\u00e4tzte Lesezeit":"1\u00a0Minute"},"schema":{"@context":"https:\/\/schema.org","@graph":[{"@type":"WebPage","@id":"https:\/\/theetuinrensink.nl\/de\/heiraten\/","url":"https:\/\/theetuinrensink.nl\/de\/heiraten\/","name":"HEIRATEN - Theetuin Rensink","isPartOf":{"@id":"https:\/\/theetuinrensink.nl\/de\/#website"},"primaryImageOfPage":{"@id":"https:\/\/theetuinrensink.nl\/de\/heiraten\/#primaryimage"},"image":{"@id":"https:\/\/theetuinrensink.nl\/de\/heiraten\/#primaryimage"},"thumbnailUrl":"https:\/\/theetuinrensink.nl\/wp-content\/uploads\/2019\/05\/big_46858113_0_425-319.jpg","datePublished":"2019-06-17T13:57:43+00:00","dateModified":"2019-06-28T09:58:52+00:00","breadcrumb":{"@id":"https:\/\/theetuinrensink.nl\/de\/heiraten\/#breadcrumb"},"inLanguage":"de","potentialAction":[{"@type":"ReadAction","target":["https:\/\/theetuinrensink.nl\/de\/heiraten\/"]}]},{"@type":"ImageObject","inLanguage":"de","@id":"https:\/\/theetuinrensink.nl\/de\/heiraten\/#primaryimage","url":"https:\/\/theetuinrensink.nl\/wp-content\/uploads\/2019\/05\/big_46858113_0_425-319.jpg","contentUrl":"https:\/\/theetuinrensink.nl\/wp-content\/uploads\/2019\/05\/big_46858113_0_425-319.jpg","width":425,"height":319,"caption":"Trouwen bij theetuin rensink"},{"@type":"BreadcrumbList","@id":"https:\/\/theetuinrensink.nl\/de\/heiraten\/#breadcrumb","itemListElement":[{"@type":"ListItem","position":1,"name":"Home","item":"https:\/\/theetuinrensink.nl\/de\/"},{"@type":"ListItem","position":2,"name":"HEIRATEN"}]},{"@type":"WebSite","@id":"https:\/\/theetuinrensink.nl\/de\/#website","url":"https:\/\/theetuinrensink.nl\/de\/","name":"Theetuin Rensink","description":"","potentialAction":[{"@type":"SearchAction","target":{"@type":"EntryPoint","urlTemplate":"https:\/\/theetuinrensink.nl\/de\/?s={search_term_string}"},"query-input":{"@type":"PropertyValueSpecification","valueRequired":true,"valueName":"search_term_string"}}],"inLanguage":"de"}]}},"_links":{"self":[{"href":"https:\/\/theetuinrensink.nl\/de\/wp-json\/wp\/v2\/pages\/759","targetHints":{"allow":["GET"]}}],"collection":[{"href":"https:\/\/theetuinrensink.nl\/de\/wp-json\/wp\/v2\/pages"}],"about":[{"href":"https:\/\/theetuinrensink.nl\/de\/wp-json\/wp\/v2\/types\/page"}],"author":[{"embeddable":true,"href":"https:\/\/theetuinrensink.nl\/de\/wp-json\/wp\/v2\/users\/2"}],"replies":[{"embeddable":true,"href":"https:\/\/theetuinrensink.nl\/de\/wp-json\/wp\/v2\/comments?post=759"}],"version-history":[{"count":3,"href":"https:\/\/theetuinrensink.nl\/de\/wp-json\/wp\/v2\/pages\/759\/revisions"}],"predecessor-version":[{"id":830,"href":"https:\/\/theetuinrensink.nl\/de\/wp-json\/wp\/v2\/pages\/759\/revisions\/830"}],"wp:featuredmedia":[{"embeddable":true,"href":"https:\/\/theetuinrensink.nl\/de\/wp-json\/wp\/v2\/media\/565"}],"wp:attachment":[{"href":"https:\/\/theetuinrensink.nl\/de\/wp-json\/wp\/v2\/media?parent=759"}],"curies":[{"name":"wp","href":"https:\/\/api.w.org\/{rel}","templated":true}]}}