{"id":755,"date":"2019-06-17T13:55:12","date_gmt":"2019-06-17T13:55:12","guid":{"rendered":"http:\/\/theetuinrensink.nl.web02.esselink.nu\/das-gartenhaus\/"},"modified":"2019-06-28T09:52:37","modified_gmt":"2019-06-28T09:52:37","slug":"das-gartenhaus","status":"publish","type":"page","link":"https:\/\/theetuinrensink.nl\/de\/das-gartenhaus\/","title":{"rendered":"Das Gartenhaus"},"content":{"rendered":"\n<div id=\"handwritten-block_5cf109346eccc\" class=\"handwritten \">\n  <p class=\"subtitle-handgeschreven\"><\/p>\n  <p class=\"handgeschreven\">Mit einer kleinen Gruppe im Freien die Aussicht auf den wundervollen Blumengarten genieu00dfen<\/p>\n<\/div>\n\n\n<p>Unser Gartenhaus ist ein einzigartiger Ort im Umland von Aalten, in dem Sie mit einer kleinen Gruppe Ihr Fest feiern k\u00f6nnen. Genie\u00dfen Sie im Sommer das sch\u00f6ne Wetter und die Aussicht auf den prachtvollen Garten. In den fr\u00fchen Abendstunden sorgt der offene Kamin f\u00fcr W\u00e4rme, sodass Sie das entspannte Ambiente im Freien noch etwas l\u00e4nger genie\u00dfen k\u00f6nnen. Ihr Fest kann ganz nach Ihren Vorstellungen und W\u00fcnschen organisiert werden. M\u00f6chten Sie lieber das Gartenhaus mieten und k\u00fcmmern sich selbst um alles oder entscheiden Sie sich f\u00fcr eine Rundumversorgung? Wir denken gerne mit Ihnen mit!<\/p>\n\n\n\n<p>Vereinbaren Sie einen unverbindlichen Termin, um alle M\u00f6glichkeiten mit uns zu besprechen.<\/p>\n\n\n\n<ul class=\"wp-block-gallery columns-2 is-cropped wp-block-gallery-1 is-layout-flex wp-block-gallery-is-layout-flex\"><li class=\"blocks-gallery-item\"><figure><a  href=\"http:\/\/theetuinrensink.nl.web02.esselink.nu\/wp-content\/uploads\/2019\/05\/20180507_114311-1024x576.jpg\" data-rel=\"lightbox-gallery-0\" data-rl_title=\"\" data-rl_caption=\"\" title=\"\"><img loading=\"lazy\" decoding=\"async\" width=\"1024\" height=\"576\" src=\"http:\/\/theetuinrensink.nl.web02.esselink.nu\/wp-content\/uploads\/2019\/05\/20180507_114311-1024x576.jpg\" alt=\"\" data-id=\"619\" data-link=\"http:\/\/theetuinrensink.nl.web02.esselink.nu\/het-tuinhuisje\/20180507_114311\/\" class=\"wp-image-619\" srcset=\"https:\/\/theetuinrensink.nl\/wp-content\/uploads\/2019\/05\/20180507_114311-1024x576.jpg 1024w, https:\/\/theetuinrensink.nl\/wp-content\/uploads\/2019\/05\/20180507_114311-300x169.jpg 300w, https:\/\/theetuinrensink.nl\/wp-content\/uploads\/2019\/05\/20180507_114311-768x432.jpg 768w\" sizes=\"auto, (max-width: 1024px) 100vw, 1024px\" \/><\/a><\/figure><\/li><li class=\"blocks-gallery-item\"><figure><a  href=\"http:\/\/theetuinrensink.nl.web02.esselink.nu\/wp-content\/uploads\/2019\/05\/20180507_102249-1024x576.jpg\" data-rel=\"lightbox-gallery-0\" data-rl_title=\"\" data-rl_caption=\"\" title=\"\"><img loading=\"lazy\" decoding=\"async\" width=\"1024\" height=\"576\" src=\"http:\/\/theetuinrensink.nl.web02.esselink.nu\/wp-content\/uploads\/2019\/05\/20180507_102249-1024x576.jpg\" alt=\"\" data-id=\"613\" data-link=\"http:\/\/theetuinrensink.nl.web02.esselink.nu\/het-tuinhuisje\/20180507_102249\/\" class=\"wp-image-613\" srcset=\"https:\/\/theetuinrensink.nl\/wp-content\/uploads\/2019\/05\/20180507_102249-1024x576.jpg 1024w, https:\/\/theetuinrensink.nl\/wp-content\/uploads\/2019\/05\/20180507_102249-300x169.jpg 300w, https:\/\/theetuinrensink.nl\/wp-content\/uploads\/2019\/05\/20180507_102249-768x432.jpg 768w\" sizes=\"auto, (max-width: 1024px) 100vw, 1024px\" \/><\/a><\/figure><\/li><li class=\"blocks-gallery-item\"><figure><a  href=\"http:\/\/theetuinrensink.nl.web02.esselink.nu\/wp-content\/uploads\/2019\/05\/20190424_143148-1024x576.jpg\" data-rel=\"lightbox-gallery-0\" data-rl_title=\"\" data-rl_caption=\"\" title=\"\"><img loading=\"lazy\" decoding=\"async\" width=\"1024\" height=\"576\" src=\"http:\/\/theetuinrensink.nl.web02.esselink.nu\/wp-content\/uploads\/2019\/05\/20190424_143148-1024x576.jpg\" alt=\"\" data-id=\"615\" data-link=\"http:\/\/theetuinrensink.nl.web02.esselink.nu\/het-tuinhuisje\/20190424_143148\/\" class=\"wp-image-615\" srcset=\"https:\/\/theetuinrensink.nl\/wp-content\/uploads\/2019\/05\/20190424_143148-1024x576.jpg 1024w, https:\/\/theetuinrensink.nl\/wp-content\/uploads\/2019\/05\/20190424_143148-300x169.jpg 300w, https:\/\/theetuinrensink.nl\/wp-content\/uploads\/2019\/05\/20190424_143148-768x432.jpg 768w\" sizes=\"auto, (max-width: 1024px) 100vw, 1024px\" \/><\/a><\/figure><\/li><li class=\"blocks-gallery-item\"><figure><a  href=\"http:\/\/theetuinrensink.nl.web02.esselink.nu\/wp-content\/uploads\/2019\/05\/20190418_152242-1024x576.jpg\" data-rel=\"lightbox-gallery-0\" data-rl_title=\"\" data-rl_caption=\"\" title=\"\"><img loading=\"lazy\" decoding=\"async\" width=\"1024\" height=\"576\" src=\"http:\/\/theetuinrensink.nl.web02.esselink.nu\/wp-content\/uploads\/2019\/05\/20190418_152242-1024x576.jpg\" alt=\"\" data-id=\"617\" data-link=\"http:\/\/theetuinrensink.nl.web02.esselink.nu\/het-tuinhuisje\/20190418_152242\/\" class=\"wp-image-617\" srcset=\"https:\/\/theetuinrensink.nl\/wp-content\/uploads\/2019\/05\/20190418_152242-1024x576.jpg 1024w, https:\/\/theetuinrensink.nl\/wp-content\/uploads\/2019\/05\/20190418_152242-300x169.jpg 300w, https:\/\/theetuinrensink.nl\/wp-content\/uploads\/2019\/05\/20190418_152242-768x432.jpg 768w\" sizes=\"auto, (max-width: 1024px) 100vw, 1024px\" \/><\/a><\/figure><\/li><li class=\"blocks-gallery-item\"><figure><a  href=\"http:\/\/theetuinrensink.nl.web02.esselink.nu\/wp-content\/uploads\/2019\/05\/20180507_102148-1024x576.jpg\" data-rel=\"lightbox-gallery-0\" data-rl_title=\"\" data-rl_caption=\"\" title=\"\"><img loading=\"lazy\" decoding=\"async\" width=\"1024\" height=\"576\" src=\"http:\/\/theetuinrensink.nl.web02.esselink.nu\/wp-content\/uploads\/2019\/05\/20180507_102148-1024x576.jpg\" alt=\"\" data-id=\"611\" data-link=\"http:\/\/theetuinrensink.nl.web02.esselink.nu\/het-tuinhuisje\/20180507_102148\/\" class=\"wp-image-611\" srcset=\"https:\/\/theetuinrensink.nl\/wp-content\/uploads\/2019\/05\/20180507_102148-1024x576.jpg 1024w, https:\/\/theetuinrensink.nl\/wp-content\/uploads\/2019\/05\/20180507_102148-300x169.jpg 300w, https:\/\/theetuinrensink.nl\/wp-content\/uploads\/2019\/05\/20180507_102148-768x432.jpg 768w\" sizes=\"auto, (max-width: 1024px) 100vw, 1024px\" \/><\/a><\/figure><\/li><\/ul>\n","protected":false},"excerpt":{"rendered":"<p>Unser Gartenhaus ist ein einzigartiger Ort im Umland von Aalten, in dem Sie mit einer kleinen Gruppe Ihr Fest feiern k\u00f6nnen. Genie\u00dfen Sie im Sommer das sch\u00f6ne Wetter und die Aussicht auf den prachtvollen Garten. In den fr\u00fchen Abendstunden sorgt der offene Kamin f\u00fcr W\u00e4rme, sodass Sie das entspannte Ambiente im Freien noch etwas l\u00e4nger [&hellip;]<\/p>\n","protected":false},"author":2,"featured_media":0,"parent":0,"menu_order":0,"comment_status":"closed","ping_status":"closed","template":"","meta":{"_acf_changed":false,"footnotes":""},"class_list":["post-755","page","type-page","status-publish","hentry"],"acf":[],"yoast_head":"<!-- This site is optimized with the Yoast SEO plugin v27.5 - https:\/\/yoast.com\/product\/yoast-seo-wordpress\/ -->\n<title>Das Gartenhaus - Theetuin Rensink<\/title>\n<meta name=\"robots\" content=\"index, follow, max-snippet:-1, max-image-preview:large, max-video-preview:-1\" \/>\n<link rel=\"canonical\" href=\"https:\/\/theetuinrensink.nl\/de\/das-gartenhaus\/\" \/>\n<meta property=\"og:locale\" content=\"de_DE\" \/>\n<meta property=\"og:type\" content=\"article\" \/>\n<meta property=\"og:title\" content=\"Das Gartenhaus - Theetuin Rensink\" \/>\n<meta property=\"og:description\" content=\"Unser Gartenhaus ist ein einzigartiger Ort im Umland von Aalten, in dem Sie mit einer kleinen Gruppe Ihr Fest feiern k\u00f6nnen. Genie\u00dfen Sie im Sommer das sch\u00f6ne Wetter und die Aussicht auf den prachtvollen Garten. In den fr\u00fchen Abendstunden sorgt der offene Kamin f\u00fcr W\u00e4rme, sodass Sie das entspannte Ambiente im Freien noch etwas l\u00e4nger [&hellip;]\" \/>\n<meta property=\"og:url\" content=\"https:\/\/theetuinrensink.nl\/de\/das-gartenhaus\/\" \/>\n<meta property=\"og:site_name\" content=\"Theetuin Rensink\" \/>\n<meta property=\"article:modified_time\" content=\"2019-06-28T09:52:37+00:00\" \/>\n<meta property=\"og:image\" content=\"http:\/\/theetuinrensink.nl.web02.esselink.nu\/wp-content\/uploads\/2019\/05\/20180507_114311-1024x576.jpg\" \/>\n<meta name=\"twitter:card\" content=\"summary_large_image\" \/>\n<meta name=\"twitter:label1\" content=\"Gesch\u00e4tzte Lesezeit\" \/>\n\t<meta name=\"twitter:data1\" content=\"1\u00a0Minute\" \/>\n<script type=\"application\/ld+json\" class=\"yoast-schema-graph\">{\"@context\":\"https:\\\/\\\/schema.org\",\"@graph\":[{\"@type\":\"WebPage\",\"@id\":\"https:\\\/\\\/theetuinrensink.nl\\\/de\\\/das-gartenhaus\\\/\",\"url\":\"https:\\\/\\\/theetuinrensink.nl\\\/de\\\/das-gartenhaus\\\/\",\"name\":\"Das Gartenhaus - Theetuin Rensink\",\"isPartOf\":{\"@id\":\"https:\\\/\\\/theetuinrensink.nl\\\/de\\\/#website\"},\"primaryImageOfPage\":{\"@id\":\"https:\\\/\\\/theetuinrensink.nl\\\/de\\\/das-gartenhaus\\\/#primaryimage\"},\"image\":{\"@id\":\"https:\\\/\\\/theetuinrensink.nl\\\/de\\\/das-gartenhaus\\\/#primaryimage\"},\"thumbnailUrl\":\"http:\\\/\\\/theetuinrensink.nl.web02.esselink.nu\\\/wp-content\\\/uploads\\\/2019\\\/05\\\/20180507_114311-1024x576.jpg\",\"datePublished\":\"2019-06-17T13:55:12+00:00\",\"dateModified\":\"2019-06-28T09:52:37+00:00\",\"breadcrumb\":{\"@id\":\"https:\\\/\\\/theetuinrensink.nl\\\/de\\\/das-gartenhaus\\\/#breadcrumb\"},\"inLanguage\":\"de\",\"potentialAction\":[{\"@type\":\"ReadAction\",\"target\":[\"https:\\\/\\\/theetuinrensink.nl\\\/de\\\/das-gartenhaus\\\/\"]}]},{\"@type\":\"ImageObject\",\"inLanguage\":\"de\",\"@id\":\"https:\\\/\\\/theetuinrensink.nl\\\/de\\\/das-gartenhaus\\\/#primaryimage\",\"url\":\"http:\\\/\\\/theetuinrensink.nl.web02.esselink.nu\\\/wp-content\\\/uploads\\\/2019\\\/05\\\/20180507_114311-1024x576.jpg\",\"contentUrl\":\"http:\\\/\\\/theetuinrensink.nl.web02.esselink.nu\\\/wp-content\\\/uploads\\\/2019\\\/05\\\/20180507_114311-1024x576.jpg\"},{\"@type\":\"BreadcrumbList\",\"@id\":\"https:\\\/\\\/theetuinrensink.nl\\\/de\\\/das-gartenhaus\\\/#breadcrumb\",\"itemListElement\":[{\"@type\":\"ListItem\",\"position\":1,\"name\":\"Home\",\"item\":\"https:\\\/\\\/theetuinrensink.nl\\\/de\\\/\"},{\"@type\":\"ListItem\",\"position\":2,\"name\":\"Das Gartenhaus\"}]},{\"@type\":\"WebSite\",\"@id\":\"https:\\\/\\\/theetuinrensink.nl\\\/de\\\/#website\",\"url\":\"https:\\\/\\\/theetuinrensink.nl\\\/de\\\/\",\"name\":\"Theetuin Rensink\",\"description\":\"\",\"potentialAction\":[{\"@type\":\"SearchAction\",\"target\":{\"@type\":\"EntryPoint\",\"urlTemplate\":\"https:\\\/\\\/theetuinrensink.nl\\\/de\\\/?s={search_term_string}\"},\"query-input\":{\"@type\":\"PropertyValueSpecification\",\"valueRequired\":true,\"valueName\":\"search_term_string\"}}],\"inLanguage\":\"de\"}]}<\/script>\n<!-- \/ Yoast SEO plugin. -->","yoast_head_json":{"title":"Das Gartenhaus - Theetuin Rensink","robots":{"index":"index","follow":"follow","max-snippet":"max-snippet:-1","max-image-preview":"max-image-preview:large","max-video-preview":"max-video-preview:-1"},"canonical":"https:\/\/theetuinrensink.nl\/de\/das-gartenhaus\/","og_locale":"de_DE","og_type":"article","og_title":"Das Gartenhaus - Theetuin Rensink","og_description":"Unser Gartenhaus ist ein einzigartiger Ort im Umland von Aalten, in dem Sie mit einer kleinen Gruppe Ihr Fest feiern k\u00f6nnen. Genie\u00dfen Sie im Sommer das sch\u00f6ne Wetter und die Aussicht auf den prachtvollen Garten. In den fr\u00fchen Abendstunden sorgt der offene Kamin f\u00fcr W\u00e4rme, sodass Sie das entspannte Ambiente im Freien noch etwas l\u00e4nger [&hellip;]","og_url":"https:\/\/theetuinrensink.nl\/de\/das-gartenhaus\/","og_site_name":"Theetuin Rensink","article_modified_time":"2019-06-28T09:52:37+00:00","og_image":[{"url":"http:\/\/theetuinrensink.nl.web02.esselink.nu\/wp-content\/uploads\/2019\/05\/20180507_114311-1024x576.jpg","type":"","width":"","height":""}],"twitter_card":"summary_large_image","twitter_misc":{"Gesch\u00e4tzte Lesezeit":"1\u00a0Minute"},"schema":{"@context":"https:\/\/schema.org","@graph":[{"@type":"WebPage","@id":"https:\/\/theetuinrensink.nl\/de\/das-gartenhaus\/","url":"https:\/\/theetuinrensink.nl\/de\/das-gartenhaus\/","name":"Das Gartenhaus - Theetuin Rensink","isPartOf":{"@id":"https:\/\/theetuinrensink.nl\/de\/#website"},"primaryImageOfPage":{"@id":"https:\/\/theetuinrensink.nl\/de\/das-gartenhaus\/#primaryimage"},"image":{"@id":"https:\/\/theetuinrensink.nl\/de\/das-gartenhaus\/#primaryimage"},"thumbnailUrl":"http:\/\/theetuinrensink.nl.web02.esselink.nu\/wp-content\/uploads\/2019\/05\/20180507_114311-1024x576.jpg","datePublished":"2019-06-17T13:55:12+00:00","dateModified":"2019-06-28T09:52:37+00:00","breadcrumb":{"@id":"https:\/\/theetuinrensink.nl\/de\/das-gartenhaus\/#breadcrumb"},"inLanguage":"de","potentialAction":[{"@type":"ReadAction","target":["https:\/\/theetuinrensink.nl\/de\/das-gartenhaus\/"]}]},{"@type":"ImageObject","inLanguage":"de","@id":"https:\/\/theetuinrensink.nl\/de\/das-gartenhaus\/#primaryimage","url":"http:\/\/theetuinrensink.nl.web02.esselink.nu\/wp-content\/uploads\/2019\/05\/20180507_114311-1024x576.jpg","contentUrl":"http:\/\/theetuinrensink.nl.web02.esselink.nu\/wp-content\/uploads\/2019\/05\/20180507_114311-1024x576.jpg"},{"@type":"BreadcrumbList","@id":"https:\/\/theetuinrensink.nl\/de\/das-gartenhaus\/#breadcrumb","itemListElement":[{"@type":"ListItem","position":1,"name":"Home","item":"https:\/\/theetuinrensink.nl\/de\/"},{"@type":"ListItem","position":2,"name":"Das Gartenhaus"}]},{"@type":"WebSite","@id":"https:\/\/theetuinrensink.nl\/de\/#website","url":"https:\/\/theetuinrensink.nl\/de\/","name":"Theetuin Rensink","description":"","potentialAction":[{"@type":"SearchAction","target":{"@type":"EntryPoint","urlTemplate":"https:\/\/theetuinrensink.nl\/de\/?s={search_term_string}"},"query-input":{"@type":"PropertyValueSpecification","valueRequired":true,"valueName":"search_term_string"}}],"inLanguage":"de"}]}},"_links":{"self":[{"href":"https:\/\/theetuinrensink.nl\/de\/wp-json\/wp\/v2\/pages\/755","targetHints":{"allow":["GET"]}}],"collection":[{"href":"https:\/\/theetuinrensink.nl\/de\/wp-json\/wp\/v2\/pages"}],"about":[{"href":"https:\/\/theetuinrensink.nl\/de\/wp-json\/wp\/v2\/types\/page"}],"author":[{"embeddable":true,"href":"https:\/\/theetuinrensink.nl\/de\/wp-json\/wp\/v2\/users\/2"}],"replies":[{"embeddable":true,"href":"https:\/\/theetuinrensink.nl\/de\/wp-json\/wp\/v2\/comments?post=755"}],"version-history":[{"count":2,"href":"https:\/\/theetuinrensink.nl\/de\/wp-json\/wp\/v2\/pages\/755\/revisions"}],"predecessor-version":[{"id":824,"href":"https:\/\/theetuinrensink.nl\/de\/wp-json\/wp\/v2\/pages\/755\/revisions\/824"}],"wp:attachment":[{"href":"https:\/\/theetuinrensink.nl\/de\/wp-json\/wp\/v2\/media?parent=755"}],"curies":[{"name":"wp","href":"https:\/\/api.w.org\/{rel}","templated":true}]}}