{"id":751,"date":"2019-06-17T13:51:43","date_gmt":"2019-06-17T13:51:43","guid":{"rendered":"http:\/\/theetuinrensink.nl.web02.esselink.nu\/feste-und-treffen\/"},"modified":"2019-06-28T09:57:35","modified_gmt":"2019-06-28T09:57:35","slug":"feste-und-treffen","status":"publish","type":"page","link":"https:\/\/theetuinrensink.nl\/de\/feste-und-treffen\/","title":{"rendered":"Feste und Treffen"},"content":{"rendered":"\n<div class=\"wp-block-media-text alignwide has-second-color-background-color\" style=\"grid-template-columns:58% auto\"><figure class=\"wp-block-media-text__media\"><img loading=\"lazy\" decoding=\"async\" width=\"1024\" height=\"681\" src=\"http:\/\/theetuinrensink.nl.web02.esselink.nu\/wp-content\/uploads\/2019\/05\/6-1024x681.jpg\" alt=\"\" class=\"wp-image-328\" srcset=\"https:\/\/theetuinrensink.nl\/wp-content\/uploads\/2019\/05\/6-1024x681.jpg 1024w, https:\/\/theetuinrensink.nl\/wp-content\/uploads\/2019\/05\/6-300x200.jpg 300w, https:\/\/theetuinrensink.nl\/wp-content\/uploads\/2019\/05\/6-768x511.jpg 768w, https:\/\/theetuinrensink.nl\/wp-content\/uploads\/2019\/05\/6.jpg 1900w\" sizes=\"auto, (max-width: 1024px) 100vw, 1024px\" \/><\/figure><div class=\"wp-block-media-text__content\">\n<p class=\"has-text-color has-background has-large-font-size has-white-color has-second-color-background-color\">Die Tenne<\/p>\n\n\n\n<p>Die stilvoll restaurierte Tenne verleiht Ihrem Fest oder Familientag das perfekte Ambiente. <\/p>\n\n\n\n<p>F\u00fcr bis zu 100 Personen.<\/p>\n\n\n\n<div class=\"wp-block-button\"><a class=\"wp-block-button__link has-text-color has-second-color-color has-background has-white-background-color\" href=\"https:\/\/theetuinrensink.nl\/de\/die-tenne\/\">Weitere Informationen<\/a><\/div>\n<\/div><\/div>\n\n\n\n<div class=\"wp-block-media-text alignwide has-media-on-the-right has-fourth-color-background-color\"><figure class=\"wp-block-media-text__media\"><img loading=\"lazy\" decoding=\"async\" width=\"1024\" height=\"681\" src=\"http:\/\/theetuinrensink.nl.web02.esselink.nu\/wp-content\/uploads\/2019\/05\/3-1024x681.jpg\" alt=\"\" class=\"wp-image-331\" srcset=\"https:\/\/theetuinrensink.nl\/wp-content\/uploads\/2019\/05\/3-1024x681.jpg 1024w, https:\/\/theetuinrensink.nl\/wp-content\/uploads\/2019\/05\/3-300x200.jpg 300w, https:\/\/theetuinrensink.nl\/wp-content\/uploads\/2019\/05\/3-768x511.jpg 768w, https:\/\/theetuinrensink.nl\/wp-content\/uploads\/2019\/05\/3.jpg 1900w\" sizes=\"auto, (max-width: 1024px) 100vw, 1024px\" \/><\/figure><div class=\"wp-block-media-text__content\">\n<p class=\"has-large-font-size\">Gartenhaus<\/p>\n\n\n\n<p>In den Sommermonaten ist das Gartenhaus perfekt f\u00fcr Ihr Fest. Geeignet f\u00fcr Feiern mit bis zu 25  Personen.<\/p>\n\n\n\n<div class=\"wp-block-button\"><a class=\"wp-block-button__link\" href=\"https:\/\/theetuinrensink.nl\/de\/das-gartenhaus\/\">Weitere Informationen<\/a><\/div>\n<\/div><\/div>\n\n\n\n<div class=\"wp-block-media-text alignwide has-media-on-the-right has-fourth-color-background-color\"><figure class=\"wp-block-media-text__media\"><img loading=\"lazy\" decoding=\"async\" width=\"1024\" height=\"497\" src=\"http:\/\/theetuinrensink.nl.web02.esselink.nu\/wp-content\/uploads\/2019\/05\/slider2-1024x497.jpg\" alt=\"\" class=\"wp-image-107\" srcset=\"https:\/\/theetuinrensink.nl\/wp-content\/uploads\/2019\/05\/slider2-1024x497.jpg 1024w, https:\/\/theetuinrensink.nl\/wp-content\/uploads\/2019\/05\/slider2-300x146.jpg 300w, https:\/\/theetuinrensink.nl\/wp-content\/uploads\/2019\/05\/slider2-768x373.jpg 768w\" sizes=\"auto, (max-width: 1024px) 100vw, 1024px\" \/><\/figure><div class=\"wp-block-media-text__content\">\n<p class=\"has-large-font-size\">Versammlung oder Betriebsfest<\/p>\n\n\n\n<p>Organisieren Sie besondere Treffen und lassen Sie sich durch die einzigartige Location inspirieren und motivieren!<\/p>\n\n\n\n<div class=\"wp-block-button\"><a class=\"wp-block-button__link\" href=\"https:\/\/theetuinrensink.nl\/de\/versammlung-oder-betriebsfest\/\">Weitere Informationen<\/a><\/div>\n<\/div><\/div>\n\n\n\n<div class=\"wp-block-media-text alignwide has-fourth-color-background-color\"><figure class=\"wp-block-media-text__media\"><img loading=\"lazy\" decoding=\"async\" width=\"1024\" height=\"680\" src=\"http:\/\/theetuinrensink.nl.web02.esselink.nu\/wp-content\/uploads\/2019\/05\/DCM0546-1-1024x680.jpg\" alt=\"\" class=\"wp-image-600\" srcset=\"https:\/\/theetuinrensink.nl\/wp-content\/uploads\/2019\/05\/DCM0546-1-1024x680.jpg 1024w, https:\/\/theetuinrensink.nl\/wp-content\/uploads\/2019\/05\/DCM0546-1-300x199.jpg 300w, https:\/\/theetuinrensink.nl\/wp-content\/uploads\/2019\/05\/DCM0546-1-768x510.jpg 768w\" sizes=\"auto, (max-width: 1024px) 100vw, 1024px\" \/><\/figure><div class=\"wp-block-media-text__content\">\n<p class=\"has-large-font-size\">Heiraten<\/p>\n\n\n\n<p>Feiern Sie Ihre Hochzeit in einem historischen Bauernhof mit Aussicht auf die pr\u00e4chtige Kulissenlandschaft!<\/p>\n\n\n\n<div class=\"wp-block-button\"><a class=\"wp-block-button__link\" href=\"https:\/\/theetuinrensink.nl\/de\/heiraten\/\">Weitere Informationen<\/a><\/div>\n<\/div><\/div>\n\n\n\n<div style=\"height:50px\" aria-hidden=\"true\" class=\"wp-block-spacer\"><\/div>\n\n\n\n<figure class=\"wp-block-pullquote\"><blockquote><p> SUCHEN SIE NOCH EINE ORIGINELLE AKTIVIT\u00c4T?<\/p><cite> Was halten Sie von einer Spielshow oder Gruppenaktivit\u00e4t? Informieren Sie sich <a href=\"https:\/\/theetuinrensink.nl\/de\/spielshows-aktivitaten\/\">hier<\/a> oder <a href=\"https:\/\/theetuinrensink.nl\/de\/kontakt\/\">rufen Sie uns an<\/a> bez\u00fcglich der M\u00f6glichkeiten! <\/cite><\/blockquote><\/figure>\n\n\n\n<div class=\"wp-block-columns has-2-columns is-layout-flex wp-container-core-columns-is-layout-9d6595d7 wp-block-columns-is-layout-flex\">\n<div class=\"wp-block-column is-layout-flow wp-block-column-is-layout-flow\">\n<p><\/p>\n<\/div>\n\n\n\n<div class=\"wp-block-column is-layout-flow wp-block-column-is-layout-flow\"><\/div>\n<\/div>\n","protected":false},"excerpt":{"rendered":"<p>SUCHEN SIE NOCH EINE ORIGINELLE AKTIVIT\u00c4T? Was halten Sie von einer Spielshow oder Gruppenaktivit\u00e4t? Informieren Sie sich hier oder rufen Sie uns an bez\u00fcglich der M\u00f6glichkeiten!<\/p>\n","protected":false},"author":1,"featured_media":0,"parent":0,"menu_order":0,"comment_status":"closed","ping_status":"closed","template":"","meta":{"_acf_changed":false,"footnotes":""},"class_list":["post-751","page","type-page","status-publish","hentry"],"acf":[],"yoast_head":"<!-- This site is optimized with the Yoast SEO plugin v27.5 - https:\/\/yoast.com\/product\/yoast-seo-wordpress\/ -->\n<title>Feste und Treffen - Theetuin Rensink<\/title>\n<meta name=\"robots\" content=\"index, follow, max-snippet:-1, max-image-preview:large, max-video-preview:-1\" \/>\n<link rel=\"canonical\" href=\"https:\/\/theetuinrensink.nl\/de\/feste-und-treffen\/\" \/>\n<meta property=\"og:locale\" content=\"de_DE\" \/>\n<meta property=\"og:type\" content=\"article\" \/>\n<meta property=\"og:title\" content=\"Feste und Treffen - Theetuin Rensink\" \/>\n<meta property=\"og:description\" content=\"SUCHEN SIE NOCH EINE ORIGINELLE AKTIVIT\u00c4T? Was halten Sie von einer Spielshow oder Gruppenaktivit\u00e4t? Informieren Sie sich hier oder rufen Sie uns an bez\u00fcglich der M\u00f6glichkeiten!\" \/>\n<meta property=\"og:url\" content=\"https:\/\/theetuinrensink.nl\/de\/feste-und-treffen\/\" \/>\n<meta property=\"og:site_name\" content=\"Theetuin Rensink\" \/>\n<meta property=\"article:modified_time\" content=\"2019-06-28T09:57:35+00:00\" \/>\n<meta property=\"og:image\" content=\"http:\/\/theetuinrensink.nl.web02.esselink.nu\/wp-content\/uploads\/2019\/05\/6-1024x681.jpg\" \/>\n<meta name=\"twitter:card\" content=\"summary_large_image\" \/>\n<meta name=\"twitter:label1\" content=\"Gesch\u00e4tzte Lesezeit\" \/>\n\t<meta name=\"twitter:data1\" content=\"1\u00a0Minute\" \/>\n<script type=\"application\/ld+json\" class=\"yoast-schema-graph\">{\"@context\":\"https:\\\/\\\/schema.org\",\"@graph\":[{\"@type\":\"WebPage\",\"@id\":\"https:\\\/\\\/theetuinrensink.nl\\\/de\\\/feste-und-treffen\\\/\",\"url\":\"https:\\\/\\\/theetuinrensink.nl\\\/de\\\/feste-und-treffen\\\/\",\"name\":\"Feste und Treffen - Theetuin Rensink\",\"isPartOf\":{\"@id\":\"https:\\\/\\\/theetuinrensink.nl\\\/de\\\/#website\"},\"primaryImageOfPage\":{\"@id\":\"https:\\\/\\\/theetuinrensink.nl\\\/de\\\/feste-und-treffen\\\/#primaryimage\"},\"image\":{\"@id\":\"https:\\\/\\\/theetuinrensink.nl\\\/de\\\/feste-und-treffen\\\/#primaryimage\"},\"thumbnailUrl\":\"http:\\\/\\\/theetuinrensink.nl.web02.esselink.nu\\\/wp-content\\\/uploads\\\/2019\\\/05\\\/6-1024x681.jpg\",\"datePublished\":\"2019-06-17T13:51:43+00:00\",\"dateModified\":\"2019-06-28T09:57:35+00:00\",\"breadcrumb\":{\"@id\":\"https:\\\/\\\/theetuinrensink.nl\\\/de\\\/feste-und-treffen\\\/#breadcrumb\"},\"inLanguage\":\"de\",\"potentialAction\":[{\"@type\":\"ReadAction\",\"target\":[\"https:\\\/\\\/theetuinrensink.nl\\\/de\\\/feste-und-treffen\\\/\"]}]},{\"@type\":\"ImageObject\",\"inLanguage\":\"de\",\"@id\":\"https:\\\/\\\/theetuinrensink.nl\\\/de\\\/feste-und-treffen\\\/#primaryimage\",\"url\":\"http:\\\/\\\/theetuinrensink.nl.web02.esselink.nu\\\/wp-content\\\/uploads\\\/2019\\\/05\\\/6-1024x681.jpg\",\"contentUrl\":\"http:\\\/\\\/theetuinrensink.nl.web02.esselink.nu\\\/wp-content\\\/uploads\\\/2019\\\/05\\\/6-1024x681.jpg\"},{\"@type\":\"BreadcrumbList\",\"@id\":\"https:\\\/\\\/theetuinrensink.nl\\\/de\\\/feste-und-treffen\\\/#breadcrumb\",\"itemListElement\":[{\"@type\":\"ListItem\",\"position\":1,\"name\":\"Home\",\"item\":\"https:\\\/\\\/theetuinrensink.nl\\\/de\\\/\"},{\"@type\":\"ListItem\",\"position\":2,\"name\":\"Feste und Treffen\"}]},{\"@type\":\"WebSite\",\"@id\":\"https:\\\/\\\/theetuinrensink.nl\\\/de\\\/#website\",\"url\":\"https:\\\/\\\/theetuinrensink.nl\\\/de\\\/\",\"name\":\"Theetuin Rensink\",\"description\":\"\",\"potentialAction\":[{\"@type\":\"SearchAction\",\"target\":{\"@type\":\"EntryPoint\",\"urlTemplate\":\"https:\\\/\\\/theetuinrensink.nl\\\/de\\\/?s={search_term_string}\"},\"query-input\":{\"@type\":\"PropertyValueSpecification\",\"valueRequired\":true,\"valueName\":\"search_term_string\"}}],\"inLanguage\":\"de\"}]}<\/script>\n<!-- \/ Yoast SEO plugin. -->","yoast_head_json":{"title":"Feste und Treffen - Theetuin Rensink","robots":{"index":"index","follow":"follow","max-snippet":"max-snippet:-1","max-image-preview":"max-image-preview:large","max-video-preview":"max-video-preview:-1"},"canonical":"https:\/\/theetuinrensink.nl\/de\/feste-und-treffen\/","og_locale":"de_DE","og_type":"article","og_title":"Feste und Treffen - Theetuin Rensink","og_description":"SUCHEN SIE NOCH EINE ORIGINELLE AKTIVIT\u00c4T? Was halten Sie von einer Spielshow oder Gruppenaktivit\u00e4t? Informieren Sie sich hier oder rufen Sie uns an bez\u00fcglich der M\u00f6glichkeiten!","og_url":"https:\/\/theetuinrensink.nl\/de\/feste-und-treffen\/","og_site_name":"Theetuin Rensink","article_modified_time":"2019-06-28T09:57:35+00:00","og_image":[{"url":"http:\/\/theetuinrensink.nl.web02.esselink.nu\/wp-content\/uploads\/2019\/05\/6-1024x681.jpg","type":"","width":"","height":""}],"twitter_card":"summary_large_image","twitter_misc":{"Gesch\u00e4tzte Lesezeit":"1\u00a0Minute"},"schema":{"@context":"https:\/\/schema.org","@graph":[{"@type":"WebPage","@id":"https:\/\/theetuinrensink.nl\/de\/feste-und-treffen\/","url":"https:\/\/theetuinrensink.nl\/de\/feste-und-treffen\/","name":"Feste und Treffen - Theetuin Rensink","isPartOf":{"@id":"https:\/\/theetuinrensink.nl\/de\/#website"},"primaryImageOfPage":{"@id":"https:\/\/theetuinrensink.nl\/de\/feste-und-treffen\/#primaryimage"},"image":{"@id":"https:\/\/theetuinrensink.nl\/de\/feste-und-treffen\/#primaryimage"},"thumbnailUrl":"http:\/\/theetuinrensink.nl.web02.esselink.nu\/wp-content\/uploads\/2019\/05\/6-1024x681.jpg","datePublished":"2019-06-17T13:51:43+00:00","dateModified":"2019-06-28T09:57:35+00:00","breadcrumb":{"@id":"https:\/\/theetuinrensink.nl\/de\/feste-und-treffen\/#breadcrumb"},"inLanguage":"de","potentialAction":[{"@type":"ReadAction","target":["https:\/\/theetuinrensink.nl\/de\/feste-und-treffen\/"]}]},{"@type":"ImageObject","inLanguage":"de","@id":"https:\/\/theetuinrensink.nl\/de\/feste-und-treffen\/#primaryimage","url":"http:\/\/theetuinrensink.nl.web02.esselink.nu\/wp-content\/uploads\/2019\/05\/6-1024x681.jpg","contentUrl":"http:\/\/theetuinrensink.nl.web02.esselink.nu\/wp-content\/uploads\/2019\/05\/6-1024x681.jpg"},{"@type":"BreadcrumbList","@id":"https:\/\/theetuinrensink.nl\/de\/feste-und-treffen\/#breadcrumb","itemListElement":[{"@type":"ListItem","position":1,"name":"Home","item":"https:\/\/theetuinrensink.nl\/de\/"},{"@type":"ListItem","position":2,"name":"Feste und Treffen"}]},{"@type":"WebSite","@id":"https:\/\/theetuinrensink.nl\/de\/#website","url":"https:\/\/theetuinrensink.nl\/de\/","name":"Theetuin Rensink","description":"","potentialAction":[{"@type":"SearchAction","target":{"@type":"EntryPoint","urlTemplate":"https:\/\/theetuinrensink.nl\/de\/?s={search_term_string}"},"query-input":{"@type":"PropertyValueSpecification","valueRequired":true,"valueName":"search_term_string"}}],"inLanguage":"de"}]}},"_links":{"self":[{"href":"https:\/\/theetuinrensink.nl\/de\/wp-json\/wp\/v2\/pages\/751","targetHints":{"allow":["GET"]}}],"collection":[{"href":"https:\/\/theetuinrensink.nl\/de\/wp-json\/wp\/v2\/pages"}],"about":[{"href":"https:\/\/theetuinrensink.nl\/de\/wp-json\/wp\/v2\/types\/page"}],"author":[{"embeddable":true,"href":"https:\/\/theetuinrensink.nl\/de\/wp-json\/wp\/v2\/users\/1"}],"replies":[{"embeddable":true,"href":"https:\/\/theetuinrensink.nl\/de\/wp-json\/wp\/v2\/comments?post=751"}],"version-history":[{"count":2,"href":"https:\/\/theetuinrensink.nl\/de\/wp-json\/wp\/v2\/pages\/751\/revisions"}],"predecessor-version":[{"id":828,"href":"https:\/\/theetuinrensink.nl\/de\/wp-json\/wp\/v2\/pages\/751\/revisions\/828"}],"wp:attachment":[{"href":"https:\/\/theetuinrensink.nl\/de\/wp-json\/wp\/v2\/media?parent=751"}],"curies":[{"name":"wp","href":"https:\/\/api.w.org\/{rel}","templated":true}]}}