{"id":519,"date":"2019-05-01T14:53:08","date_gmt":"2019-05-01T14:53:08","guid":{"rendered":"http:\/\/theetuinrensink.nl.web02.esselink.nu\/afternoon-tea\/"},"modified":"2021-07-13T14:42:20","modified_gmt":"2021-07-13T14:42:20","slug":"afternoon-tea","status":"publish","type":"page","link":"https:\/\/theetuinrensink.nl\/de\/afternoon-tea\/","title":{"rendered":"High Tea"},"content":{"rendered":"\n<p>Ein High Tea hat etwas Festliches an sich und eignet sich f\u00fcr kleine und gro\u00dfe Gesellschaften. Genie\u00dfen Sie auf unserer Terrasse, mit prachtvollem Ausblick auf unseren sch\u00f6nen Garten, die leckersten K\u00f6stlichkeiten.<\/p>\n\n<p class=\"has-medium-font-size\">High Tea oder Afternoon Tea?<\/p>\n\n<p>Der traditionelle High Tea wird des \u00d6fteren mit dem High Tea verwechselt. Eigentlich nicht verwunderlich, denn die Briten sind so verr\u00fcckt nach Tee, dass alle Mahlzeiten auf dem Land im Norden von England und in Schottland als &#8222;Tea&#8220; bezeichnet wurden. Urspr\u00fcnglich war ein High Tee eine ordentliche Mahlzeit, die man gegen 18.00 Uhr einnahm. Der leichte Afternoon Tea entstand 1840 und war als Zwischenmahlzeit gedacht. Diese wurde gegen 16.00 Uhr serviert, wenn die Gastgeberin ihre G\u00e4ste gerne etwas verw\u00f6hnen wollte. Wenn man heutzutage \u00fcber einen High Tea spricht, ist damit ein Afternoon Tea gemeint. <\/p>\n\n<blockquote class=\"wp-block-quote is-style-default is-layout-flow wp-block-quote-is-layout-flow\"><p>\u20ac 22,50 pro Person<\/p><cite>Ab 2 Personen. Bitte reservieren Sie mindestens 2 Tage im Voraus von Dienstag bis Samstag. <\/cite><\/blockquote>\n\n<p>F\u00fcr weitere Informationen und Reservierungen nehmen Sie bitte <u>Kontakt <\/u>mit uns auf oder rufen Sie uns an unter +31 (0)543 466 419.<\/p>\n\n<\/section>\n<section class=\"content-slider paper-background\">\n  <div class=\"container\">\n          <div id=\"slider-block_5cd975414d453\" class=\"owl-carousel owl-theme\">\n                  <div class=\"item\"><img decoding=\"async\" src=\"https:\/\/theetuinrensink.nl\/wp-content\/uploads\/2019\/05\/34688213_1778810285549343_7621424058072039424_o-1024x1024.jpg\" alt=\"\" \/><\/div>\n                  <div class=\"item\"><img decoding=\"async\" src=\"https:\/\/theetuinrensink.nl\/wp-content\/uploads\/2019\/05\/30743356_1725259860904386_2064205314462318592_o-e1557825617677-1024x1024.jpg\" alt=\"\" \/><\/div>\n                  <div class=\"item\"><img decoding=\"async\" src=\"https:\/\/theetuinrensink.nl\/wp-content\/uploads\/2019\/05\/54727858_2212002075563493_7424652257414610944_o-1024x1024.jpg\" alt=\"\" \/><\/div>\n                  <div class=\"item\"><img decoding=\"async\" src=\"https:\/\/theetuinrensink.nl\/wp-content\/uploads\/2019\/05\/36912414_1829191420511229_8273716856032854016_n-e1557825752384.jpg\" alt=\"\" \/><\/div>\n              <\/div>\n      <\/div>\n<\/section>\n<section class=\"container\">","protected":false},"excerpt":{"rendered":"<p>Ein High Tea hat etwas Festliches an sich und eignet sich f\u00fcr kleine und gro\u00dfe Gesellschaften. Genie\u00dfen Sie auf unserer Terrasse, mit prachtvollem Ausblick auf unseren sch\u00f6nen Garten, die leckersten K\u00f6stlichkeiten. High Tea oder Afternoon Tea? Der traditionelle High Tea wird des \u00d6fteren mit dem High Tea verwechselt. Eigentlich nicht verwunderlich, denn die Briten sind [&hellip;]<\/p>\n","protected":false},"author":1,"featured_media":0,"parent":0,"menu_order":0,"comment_status":"closed","ping_status":"closed","template":"","meta":{"_acf_changed":false,"footnotes":""},"class_list":["post-519","page","type-page","status-publish","hentry"],"acf":[],"yoast_head":"<!-- This site is optimized with the Yoast SEO plugin v27.5 - https:\/\/yoast.com\/product\/yoast-seo-wordpress\/ -->\n<title>High Tea - Theetuin Rensink<\/title>\n<meta name=\"robots\" content=\"index, follow, max-snippet:-1, max-image-preview:large, max-video-preview:-1\" \/>\n<link rel=\"canonical\" href=\"https:\/\/theetuinrensink.nl\/de\/afternoon-tea\/\" \/>\n<meta property=\"og:locale\" content=\"de_DE\" \/>\n<meta property=\"og:type\" content=\"article\" \/>\n<meta property=\"og:title\" content=\"High Tea - Theetuin Rensink\" \/>\n<meta property=\"og:description\" content=\"Ein High Tea hat etwas Festliches an sich und eignet sich f\u00fcr kleine und gro\u00dfe Gesellschaften. Genie\u00dfen Sie auf unserer Terrasse, mit prachtvollem Ausblick auf unseren sch\u00f6nen Garten, die leckersten K\u00f6stlichkeiten. High Tea oder Afternoon Tea? Der traditionelle High Tea wird des \u00d6fteren mit dem High Tea verwechselt. Eigentlich nicht verwunderlich, denn die Briten sind [&hellip;]\" \/>\n<meta property=\"og:url\" content=\"https:\/\/theetuinrensink.nl\/de\/afternoon-tea\/\" \/>\n<meta property=\"og:site_name\" content=\"Theetuin Rensink\" \/>\n<meta property=\"article:modified_time\" content=\"2021-07-13T14:42:20+00:00\" \/>\n<meta name=\"twitter:card\" content=\"summary_large_image\" \/>\n<meta name=\"twitter:label1\" content=\"Gesch\u00e4tzte Lesezeit\" \/>\n\t<meta name=\"twitter:data1\" content=\"1\u00a0Minute\" \/>\n<script type=\"application\/ld+json\" class=\"yoast-schema-graph\">{\"@context\":\"https:\\\/\\\/schema.org\",\"@graph\":[{\"@type\":\"WebPage\",\"@id\":\"https:\\\/\\\/theetuinrensink.nl\\\/de\\\/afternoon-tea\\\/\",\"url\":\"https:\\\/\\\/theetuinrensink.nl\\\/de\\\/afternoon-tea\\\/\",\"name\":\"High Tea - Theetuin Rensink\",\"isPartOf\":{\"@id\":\"https:\\\/\\\/theetuinrensink.nl\\\/de\\\/#website\"},\"datePublished\":\"2019-05-01T14:53:08+00:00\",\"dateModified\":\"2021-07-13T14:42:20+00:00\",\"breadcrumb\":{\"@id\":\"https:\\\/\\\/theetuinrensink.nl\\\/de\\\/afternoon-tea\\\/#breadcrumb\"},\"inLanguage\":\"de\",\"potentialAction\":[{\"@type\":\"ReadAction\",\"target\":[\"https:\\\/\\\/theetuinrensink.nl\\\/de\\\/afternoon-tea\\\/\"]}]},{\"@type\":\"BreadcrumbList\",\"@id\":\"https:\\\/\\\/theetuinrensink.nl\\\/de\\\/afternoon-tea\\\/#breadcrumb\",\"itemListElement\":[{\"@type\":\"ListItem\",\"position\":1,\"name\":\"Home\",\"item\":\"https:\\\/\\\/theetuinrensink.nl\\\/de\\\/\"},{\"@type\":\"ListItem\",\"position\":2,\"name\":\"High Tea\"}]},{\"@type\":\"WebSite\",\"@id\":\"https:\\\/\\\/theetuinrensink.nl\\\/de\\\/#website\",\"url\":\"https:\\\/\\\/theetuinrensink.nl\\\/de\\\/\",\"name\":\"Theetuin Rensink\",\"description\":\"\",\"potentialAction\":[{\"@type\":\"SearchAction\",\"target\":{\"@type\":\"EntryPoint\",\"urlTemplate\":\"https:\\\/\\\/theetuinrensink.nl\\\/de\\\/?s={search_term_string}\"},\"query-input\":{\"@type\":\"PropertyValueSpecification\",\"valueRequired\":true,\"valueName\":\"search_term_string\"}}],\"inLanguage\":\"de\"}]}<\/script>\n<!-- \/ Yoast SEO plugin. -->","yoast_head_json":{"title":"High Tea - Theetuin Rensink","robots":{"index":"index","follow":"follow","max-snippet":"max-snippet:-1","max-image-preview":"max-image-preview:large","max-video-preview":"max-video-preview:-1"},"canonical":"https:\/\/theetuinrensink.nl\/de\/afternoon-tea\/","og_locale":"de_DE","og_type":"article","og_title":"High Tea - Theetuin Rensink","og_description":"Ein High Tea hat etwas Festliches an sich und eignet sich f\u00fcr kleine und gro\u00dfe Gesellschaften. Genie\u00dfen Sie auf unserer Terrasse, mit prachtvollem Ausblick auf unseren sch\u00f6nen Garten, die leckersten K\u00f6stlichkeiten. High Tea oder Afternoon Tea? Der traditionelle High Tea wird des \u00d6fteren mit dem High Tea verwechselt. Eigentlich nicht verwunderlich, denn die Briten sind [&hellip;]","og_url":"https:\/\/theetuinrensink.nl\/de\/afternoon-tea\/","og_site_name":"Theetuin Rensink","article_modified_time":"2021-07-13T14:42:20+00:00","twitter_card":"summary_large_image","twitter_misc":{"Gesch\u00e4tzte Lesezeit":"1\u00a0Minute"},"schema":{"@context":"https:\/\/schema.org","@graph":[{"@type":"WebPage","@id":"https:\/\/theetuinrensink.nl\/de\/afternoon-tea\/","url":"https:\/\/theetuinrensink.nl\/de\/afternoon-tea\/","name":"High Tea - Theetuin Rensink","isPartOf":{"@id":"https:\/\/theetuinrensink.nl\/de\/#website"},"datePublished":"2019-05-01T14:53:08+00:00","dateModified":"2021-07-13T14:42:20+00:00","breadcrumb":{"@id":"https:\/\/theetuinrensink.nl\/de\/afternoon-tea\/#breadcrumb"},"inLanguage":"de","potentialAction":[{"@type":"ReadAction","target":["https:\/\/theetuinrensink.nl\/de\/afternoon-tea\/"]}]},{"@type":"BreadcrumbList","@id":"https:\/\/theetuinrensink.nl\/de\/afternoon-tea\/#breadcrumb","itemListElement":[{"@type":"ListItem","position":1,"name":"Home","item":"https:\/\/theetuinrensink.nl\/de\/"},{"@type":"ListItem","position":2,"name":"High Tea"}]},{"@type":"WebSite","@id":"https:\/\/theetuinrensink.nl\/de\/#website","url":"https:\/\/theetuinrensink.nl\/de\/","name":"Theetuin Rensink","description":"","potentialAction":[{"@type":"SearchAction","target":{"@type":"EntryPoint","urlTemplate":"https:\/\/theetuinrensink.nl\/de\/?s={search_term_string}"},"query-input":{"@type":"PropertyValueSpecification","valueRequired":true,"valueName":"search_term_string"}}],"inLanguage":"de"}]}},"_links":{"self":[{"href":"https:\/\/theetuinrensink.nl\/de\/wp-json\/wp\/v2\/pages\/519","targetHints":{"allow":["GET"]}}],"collection":[{"href":"https:\/\/theetuinrensink.nl\/de\/wp-json\/wp\/v2\/pages"}],"about":[{"href":"https:\/\/theetuinrensink.nl\/de\/wp-json\/wp\/v2\/types\/page"}],"author":[{"embeddable":true,"href":"https:\/\/theetuinrensink.nl\/de\/wp-json\/wp\/v2\/users\/1"}],"replies":[{"embeddable":true,"href":"https:\/\/theetuinrensink.nl\/de\/wp-json\/wp\/v2\/comments?post=519"}],"version-history":[{"count":3,"href":"https:\/\/theetuinrensink.nl\/de\/wp-json\/wp\/v2\/pages\/519\/revisions"}],"predecessor-version":[{"id":935,"href":"https:\/\/theetuinrensink.nl\/de\/wp-json\/wp\/v2\/pages\/519\/revisions\/935"}],"wp:attachment":[{"href":"https:\/\/theetuinrensink.nl\/de\/wp-json\/wp\/v2\/media?parent=519"}],"curies":[{"name":"wp","href":"https:\/\/api.w.org\/{rel}","templated":true}]}}